{"id":49786,"date":"2023-05-25T16:05:29","date_gmt":"2023-05-25T15:05:29","guid":{"rendered":"https:\/\/www.fcd-system.com\/steristir\/"},"modified":"2023-05-25T16:05:41","modified_gmt":"2023-05-25T15:05:41","slug":"steristir","status":"publish","type":"page","link":"https:\/\/www.fcd-system.com\/es\/steristir\/","title":{"rendered":"Steristir"},"content":{"rendered":"<p>La pasterizaci\u00f3n vapor efectuada por Steristir permiet eliminar los pat\u00f3genos. Ello significa que este sistema completo puede tratar productos como:<\/p>\n<p>Yerbas<br \/>\nEspecias<br \/>\ncereales<br \/>\npolvos<\/p>\n<p>Como funciona la pasterizaci\u00f3n?<\/p>\n<p>la paredes del sistema calientan el material por contacto.<br \/>\nel eje con palas asegura una buena mezcla durante todo el tratamiento.<br \/>\nel uso de vapor (100\u00b0C) llena la c\u00e1mara y queda a contacto con el material directamente.<br \/>\nEl tiempo de permanencia corto no causa da\u00f1os a los productos y se puede escoger (de 1 minutos hasta 10 minutos).<\/p>\n<p>la limpieza se efectua directamente o removiendo el eje.<\/p>\n<p>este sistema se entrega llave en mano consistema PLC y caldera vapor preinstalada.<\/p>\n\n<figure class=\"wp-block-image size-large is-resized is-style-default\"><img fetchpriority=\"high\" decoding=\"async\" src=\"http:\/\/www.fcd-system.com\/wp-content\/uploads\/2014\/05\/Steristir-Small-1024x576.jpg\" alt=\"Parte pasterizaci&#xF3;n del sistema\" class=\"wp-image-385\" width=\"580\" height=\"326\" srcset=\"https:\/\/www.fcd-system.com\/wp-content\/uploads\/2014\/05\/Steristir-Small-1024x576.jpg 1024w, https:\/\/www.fcd-system.com\/wp-content\/uploads\/2014\/05\/Steristir-Small-300x168.jpg 300w, https:\/\/www.fcd-system.com\/wp-content\/uploads\/2014\/05\/Steristir-Small.jpg 1920w\" sizes=\"(max-width: 580px) 100vw, 580px\" \/><figcaption class=\"wp-element-caption\">Pilota Steristir<\/figcaption><\/figure>\n\n<div class=\"wp-block-buttons is-layout-flex wp-block-buttons-is-layout-flex\">\n<div class=\"wp-block-button aligncenter\"><a class=\"wp-block-button__link wp-element-button\" href=\"https:\/\/www.fcd-system.com\/es\/contacto\/\">Cont\u00e1cte con nosotros<\/a><\/div>\n<\/div>\n\n<p><\/p>\n","protected":false},"excerpt":{"rendered":"<p>La pasterizaci\u00f3n vapor efectuada por Steristir permiet eliminar los pat\u00f3genos. Ello significa que este sistema completo puede tratar productos como: Yerbas Especias cereales polvos Como funciona la pasterizaci\u00f3n? la paredes del sistema calientan el material por contacto. el eje con palas asegura una buena mezcla durante todo el tratamiento. el uso de vapor (100\u00b0C) llena &#8230;<\/p>\n","protected":false},"author":3,"featured_media":0,"parent":0,"menu_order":0,"comment_status":"closed","ping_status":"closed","template":"","meta":{"footnotes":""},"class_list":["post-49786","page","type-page","status-publish","hentry"],"yoast_head":"<!-- This site is optimized with the Yoast SEO plugin v26.6 - https:\/\/yoast.com\/wordpress\/plugins\/seo\/ -->\n<title>Pasterizaci\u00f3n continua Steristir<\/title>\n<meta name=\"description\" content=\"Steristir ofrece una pasterizaci\u00f3n continua a partir del uso de calor (contacto) y vapor directo garantizando la eliminaci\u00f3n de pat\u00f3genos en los ingredientes: E.coli, salmonela, enterobacterias, listeria, mohos y levaduras. TPC y otras bacterias pueden variar.\" \/>\n<meta name=\"robots\" content=\"index, follow, max-snippet:-1, max-image-preview:large, max-video-preview:-1\" \/>\n<link rel=\"canonical\" href=\"https:\/\/www.fcd-system.com\/es\/steristir\/\" \/>\n<meta property=\"og:locale\" content=\"es_ES\" \/>\n<meta property=\"og:type\" content=\"article\" \/>\n<meta property=\"og:title\" content=\"Pasterizaci\u00f3n continua Steristir\" \/>\n<meta property=\"og:description\" content=\"Steristir ofrece una pasterizaci\u00f3n continua a partir del uso de calor (contacto) y vapor directo garantizando la eliminaci\u00f3n de pat\u00f3genos en los ingredientes: E.coli, salmonela, enterobacterias, listeria, mohos y levaduras. TPC y otras bacterias pueden variar.\" \/>\n<meta property=\"og:url\" content=\"https:\/\/www.fcd-system.com\/es\/steristir\/\" \/>\n<meta property=\"og:site_name\" content=\"FCD System\" \/>\n<meta property=\"article:modified_time\" content=\"2023-05-25T15:05:41+00:00\" \/>\n<meta property=\"og:image\" content=\"http:\/\/www.fcd-system.com\/wp-content\/uploads\/2014\/05\/Steristir-Small-1024x576.jpg\" \/>\n<meta name=\"twitter:card\" content=\"summary_large_image\" \/>\n<meta name=\"twitter:label1\" content=\"Tiempo de lectura\" \/>\n\t<meta name=\"twitter:data1\" content=\"1 minuto\" \/>\n<script type=\"application\/ld+json\" class=\"yoast-schema-graph\">{\"@context\":\"https:\/\/schema.org\",\"@graph\":[{\"@type\":\"WebPage\",\"@id\":\"https:\/\/www.fcd-system.com\/es\/steristir\/\",\"url\":\"https:\/\/www.fcd-system.com\/es\/steristir\/\",\"name\":\"Pasterizaci\u00f3n continua Steristir\",\"isPartOf\":{\"@id\":\"https:\/\/www.fcd-system.com\/#website\"},\"primaryImageOfPage\":{\"@id\":\"https:\/\/www.fcd-system.com\/es\/steristir\/#primaryimage\"},\"image\":{\"@id\":\"https:\/\/www.fcd-system.com\/es\/steristir\/#primaryimage\"},\"thumbnailUrl\":\"http:\/\/www.fcd-system.com\/wp-content\/uploads\/2014\/05\/Steristir-Small-1024x576.jpg\",\"datePublished\":\"2023-05-25T15:05:29+00:00\",\"dateModified\":\"2023-05-25T15:05:41+00:00\",\"description\":\"Steristir ofrece una pasterizaci\u00f3n continua a partir del uso de calor (contacto) y vapor directo garantizando la eliminaci\u00f3n de pat\u00f3genos en los ingredientes: E.coli, salmonela, enterobacterias, listeria, mohos y levaduras. TPC y otras bacterias pueden variar.\",\"breadcrumb\":{\"@id\":\"https:\/\/www.fcd-system.com\/es\/steristir\/#breadcrumb\"},\"inLanguage\":\"es\",\"potentialAction\":[{\"@type\":\"ReadAction\",\"target\":[\"https:\/\/www.fcd-system.com\/es\/steristir\/\"]}]},{\"@type\":\"ImageObject\",\"inLanguage\":\"es\",\"@id\":\"https:\/\/www.fcd-system.com\/es\/steristir\/#primaryimage\",\"url\":\"http:\/\/www.fcd-system.com\/wp-content\/uploads\/2014\/05\/Steristir-Small-1024x576.jpg\",\"contentUrl\":\"http:\/\/www.fcd-system.com\/wp-content\/uploads\/2014\/05\/Steristir-Small-1024x576.jpg\"},{\"@type\":\"BreadcrumbList\",\"@id\":\"https:\/\/www.fcd-system.com\/es\/steristir\/#breadcrumb\",\"itemListElement\":[{\"@type\":\"ListItem\",\"position\":1,\"name\":\"Accueil\",\"item\":\"https:\/\/www.fcd-system.com\/\"},{\"@type\":\"ListItem\",\"position\":2,\"name\":\"Steristir\"}]},{\"@type\":\"WebSite\",\"@id\":\"https:\/\/www.fcd-system.com\/#website\",\"url\":\"https:\/\/www.fcd-system.com\/\",\"name\":\"FCD System\",\"description\":\"Steam sterilisation and roasting\",\"publisher\":{\"@id\":\"https:\/\/www.fcd-system.com\/#organization\"},\"potentialAction\":[{\"@type\":\"SearchAction\",\"target\":{\"@type\":\"EntryPoint\",\"urlTemplate\":\"https:\/\/www.fcd-system.com\/?s={search_term_string}\"},\"query-input\":{\"@type\":\"PropertyValueSpecification\",\"valueRequired\":true,\"valueName\":\"search_term_string\"}}],\"inLanguage\":\"es\"},{\"@type\":\"Organization\",\"@id\":\"https:\/\/www.fcd-system.com\/#organization\",\"name\":\"FCD SYSTEM\",\"url\":\"https:\/\/www.fcd-system.com\/\",\"logo\":{\"@type\":\"ImageObject\",\"inLanguage\":\"es\",\"@id\":\"https:\/\/www.fcd-system.com\/#\/schema\/logo\/image\/\",\"url\":\"https:\/\/www.fcd-system.com\/wp-content\/uploads\/2020\/08\/Logo-Grand-FCD.jpg\",\"contentUrl\":\"https:\/\/www.fcd-system.com\/wp-content\/uploads\/2020\/08\/Logo-Grand-FCD.jpg\",\"width\":503,\"height\":521,\"caption\":\"FCD SYSTEM\"},\"image\":{\"@id\":\"https:\/\/www.fcd-system.com\/#\/schema\/logo\/image\/\"},\"sameAs\":[\"https:\/\/www.youtube.com\/channel\/UCXXvx5uOdIDdkYj-XW58o3g\"]}]}<\/script>\n<!-- \/ Yoast SEO plugin. -->","yoast_head_json":{"title":"Pasterizaci\u00f3n continua Steristir","description":"Steristir ofrece una pasterizaci\u00f3n continua a partir del uso de calor (contacto) y vapor directo garantizando la eliminaci\u00f3n de pat\u00f3genos en los ingredientes: E.coli, salmonela, enterobacterias, listeria, mohos y levaduras. TPC y otras bacterias pueden variar.","robots":{"index":"index","follow":"follow","max-snippet":"max-snippet:-1","max-image-preview":"max-image-preview:large","max-video-preview":"max-video-preview:-1"},"canonical":"https:\/\/www.fcd-system.com\/es\/steristir\/","og_locale":"es_ES","og_type":"article","og_title":"Pasterizaci\u00f3n continua Steristir","og_description":"Steristir ofrece una pasterizaci\u00f3n continua a partir del uso de calor (contacto) y vapor directo garantizando la eliminaci\u00f3n de pat\u00f3genos en los ingredientes: E.coli, salmonela, enterobacterias, listeria, mohos y levaduras. TPC y otras bacterias pueden variar.","og_url":"https:\/\/www.fcd-system.com\/es\/steristir\/","og_site_name":"FCD System","article_modified_time":"2023-05-25T15:05:41+00:00","og_image":[{"url":"http:\/\/www.fcd-system.com\/wp-content\/uploads\/2014\/05\/Steristir-Small-1024x576.jpg","type":"","width":"","height":""}],"twitter_card":"summary_large_image","twitter_misc":{"Tiempo de lectura":"1 minuto"},"schema":{"@context":"https:\/\/schema.org","@graph":[{"@type":"WebPage","@id":"https:\/\/www.fcd-system.com\/es\/steristir\/","url":"https:\/\/www.fcd-system.com\/es\/steristir\/","name":"Pasterizaci\u00f3n continua Steristir","isPartOf":{"@id":"https:\/\/www.fcd-system.com\/#website"},"primaryImageOfPage":{"@id":"https:\/\/www.fcd-system.com\/es\/steristir\/#primaryimage"},"image":{"@id":"https:\/\/www.fcd-system.com\/es\/steristir\/#primaryimage"},"thumbnailUrl":"http:\/\/www.fcd-system.com\/wp-content\/uploads\/2014\/05\/Steristir-Small-1024x576.jpg","datePublished":"2023-05-25T15:05:29+00:00","dateModified":"2023-05-25T15:05:41+00:00","description":"Steristir ofrece una pasterizaci\u00f3n continua a partir del uso de calor (contacto) y vapor directo garantizando la eliminaci\u00f3n de pat\u00f3genos en los ingredientes: E.coli, salmonela, enterobacterias, listeria, mohos y levaduras. TPC y otras bacterias pueden variar.","breadcrumb":{"@id":"https:\/\/www.fcd-system.com\/es\/steristir\/#breadcrumb"},"inLanguage":"es","potentialAction":[{"@type":"ReadAction","target":["https:\/\/www.fcd-system.com\/es\/steristir\/"]}]},{"@type":"ImageObject","inLanguage":"es","@id":"https:\/\/www.fcd-system.com\/es\/steristir\/#primaryimage","url":"http:\/\/www.fcd-system.com\/wp-content\/uploads\/2014\/05\/Steristir-Small-1024x576.jpg","contentUrl":"http:\/\/www.fcd-system.com\/wp-content\/uploads\/2014\/05\/Steristir-Small-1024x576.jpg"},{"@type":"BreadcrumbList","@id":"https:\/\/www.fcd-system.com\/es\/steristir\/#breadcrumb","itemListElement":[{"@type":"ListItem","position":1,"name":"Accueil","item":"https:\/\/www.fcd-system.com\/"},{"@type":"ListItem","position":2,"name":"Steristir"}]},{"@type":"WebSite","@id":"https:\/\/www.fcd-system.com\/#website","url":"https:\/\/www.fcd-system.com\/","name":"FCD System","description":"Steam sterilisation and roasting","publisher":{"@id":"https:\/\/www.fcd-system.com\/#organization"},"potentialAction":[{"@type":"SearchAction","target":{"@type":"EntryPoint","urlTemplate":"https:\/\/www.fcd-system.com\/?s={search_term_string}"},"query-input":{"@type":"PropertyValueSpecification","valueRequired":true,"valueName":"search_term_string"}}],"inLanguage":"es"},{"@type":"Organization","@id":"https:\/\/www.fcd-system.com\/#organization","name":"FCD SYSTEM","url":"https:\/\/www.fcd-system.com\/","logo":{"@type":"ImageObject","inLanguage":"es","@id":"https:\/\/www.fcd-system.com\/#\/schema\/logo\/image\/","url":"https:\/\/www.fcd-system.com\/wp-content\/uploads\/2020\/08\/Logo-Grand-FCD.jpg","contentUrl":"https:\/\/www.fcd-system.com\/wp-content\/uploads\/2020\/08\/Logo-Grand-FCD.jpg","width":503,"height":521,"caption":"FCD SYSTEM"},"image":{"@id":"https:\/\/www.fcd-system.com\/#\/schema\/logo\/image\/"},"sameAs":["https:\/\/www.youtube.com\/channel\/UCXXvx5uOdIDdkYj-XW58o3g"]}]}},"_links":{"self":[{"href":"https:\/\/www.fcd-system.com\/es\/wp-json\/wp\/v2\/pages\/49786","targetHints":{"allow":["GET"]}}],"collection":[{"href":"https:\/\/www.fcd-system.com\/es\/wp-json\/wp\/v2\/pages"}],"about":[{"href":"https:\/\/www.fcd-system.com\/es\/wp-json\/wp\/v2\/types\/page"}],"author":[{"embeddable":true,"href":"https:\/\/www.fcd-system.com\/es\/wp-json\/wp\/v2\/users\/3"}],"replies":[{"embeddable":true,"href":"https:\/\/www.fcd-system.com\/es\/wp-json\/wp\/v2\/comments?post=49786"}],"version-history":[{"count":3,"href":"https:\/\/www.fcd-system.com\/es\/wp-json\/wp\/v2\/pages\/49786\/revisions"}],"predecessor-version":[{"id":49789,"href":"https:\/\/www.fcd-system.com\/es\/wp-json\/wp\/v2\/pages\/49786\/revisions\/49789"}],"wp:attachment":[{"href":"https:\/\/www.fcd-system.com\/es\/wp-json\/wp\/v2\/media?parent=49786"}],"curies":[{"name":"wp","href":"https:\/\/api.w.org\/{rel}","templated":true}]}}