{"id":49796,"date":"2023-05-26T12:09:15","date_gmt":"2023-05-26T11:09:15","guid":{"rendered":"https:\/\/www.fcd-system.com\/maquinaria\/steristep\/"},"modified":"2024-07-23T15:42:31","modified_gmt":"2024-07-23T14:42:31","slug":"steristep","status":"publish","type":"page","link":"https:\/\/www.fcd-system.com\/es\/steristep\/","title":{"rendered":"Steristep"},"content":{"rendered":"<style>\/*! elementor - v3.23.0 - 15-07-2024 *\/\n.elementor-heading-title{padding:0;margin:0;line-height:1}.elementor-widget-heading .elementor-heading-title[class*=elementor-size-]>a{color:inherit;font-size:inherit;line-height:inherit}.elementor-widget-heading .elementor-heading-title.elementor-size-small{font-size:15px}.elementor-widget-heading .elementor-heading-title.elementor-size-medium{font-size:19px}.elementor-widget-heading .elementor-heading-title.elementor-size-large{font-size:29px}.elementor-widget-heading .elementor-heading-title.elementor-size-xl{font-size:39px}.elementor-widget-heading .elementor-heading-title.elementor-size-xxl{font-size:59px}<\/style><h2><article><section data-id=\"7b615025\" data-element_type=\"section\" data-model-cid=\"c32\"><h1><h1>Decontaminaci\u00f3n en continuo con vapor<\/h1><\/h1><\/section><\/article><\/h2>\t\t\n\t\t<h1><\/h1>\n<p><\/p>\n<p>Pelda\u00f1os, calor y vapor. <br>Steristep utiliza 2 fuetes de energ\u00eda para una mayor flexibilidad. <br>Su estructura en escalera asegura una mezcla del producto y una exposic\u00f3n homog\u00e9nea al calor y vapor. <br>La l\u00ednea de producci\u00f3n cuenta con una enfriadora para secar el material tratado y estabilizarlo<\/p><p><\/p>\n<h1 class=\"wp-block-heading\">&nbsp;<\/h1>\n<p><\/p>\n<p><iframe title=\"YouTube video player\" src=\"https:\/\/www.youtube.com\/embed\/h9diUjQdueY\" width=\"960\" height=\"540\" frameborder=\"0\" allowfullscreen=\"allowfullscreen\"><\/iframe><\/p>\n&nbsp;\n<p><\/p>\n<h2 class=\"wp-block-heading\">C\u00f3mo funciona?<\/h2>\n<p><\/p>\n<h2 class=\"wp-block-heading\">Pelda\u00f1os<\/h2>\n<p><\/p>\n<ul class=\"wp-block-list\">\n<li style=\"list-style-type: none;\">\n<ul><\/ul>\n<\/li>\n<\/ul>\n<ul>\n<li style=\"list-style-type: none;\">\n<ul>\n<li>garantizan una mezcla \u00f3ptima<\/li>\n<\/ul>\n<\/li>\n<\/ul>\n<p><\/p>\n<p><\/p>\n<ul>\n<li style=\"list-style-type: none;\">\n<ul>\n<li>permiten tratar todos los tipos de materiales (polvos, trozos, tubos etc.)<\/li>\n<\/ul>\n<\/li>\n<\/ul>\n<p><\/p>\n<p><\/p>\n<ul>\n<li style=\"list-style-type: none;\">\n<ul>\n<li>la frecuencia de vibraci\u00f3n determina el tiempo de permanencia<\/li>\n<\/ul>\n<\/li>\n<\/ul>\n<p><\/p>\n<p><\/p>\n<ul>\n<li style=\"list-style-type: none;\">\n<ul>\n<li>el fondo horizontal asegura que la capa de producto es siempre igual<\/li>\n<\/ul>\n<\/li>\n<\/ul>\n<p><\/p>\n<p><\/p>\n<h2 class=\"wp-block-heading\">Calor directo<\/h2>\n<p><\/p>\n<figure><a href=\"http:\/\/www.fcd-system.com\/wp-content\/uploads\/2016\/02\/chaleur-plaque.jpg\"><img fetchpriority=\"high\" decoding=\"async\" src=\"http:\/\/www.fcd-system.com\/wp-content\/uploads\/2016\/02\/chaleur-plaque.jpg\" alt=\"Placa calentada\" width=\"835\" height=\"320\"><\/a><\/figure>\n<p><\/p>\n<p>Con sus 2 fuentes de energ\u00eda, el Steristep es m\u00e1s flexible que la mayor\u00eda de los sistemas existentes. Las part\u00edculas se calientan mejor en la superficie de acero inoxidable.<\/p>\n<p><\/p>\n<ul class=\"wp-block-list\">\n<li style=\"list-style-type: none;\">\n<ul><\/ul>\n<\/li>\n<\/ul>\n<ul>\n<li style=\"list-style-type: none;\">\n<ul>\n<li>Tal sistema evita condensaci\u00f3n<\/li>\n<\/ul>\n<\/li>\n<\/ul>\n<p><\/p>\n<p><\/p>\n<ul>\n<li style=\"list-style-type: none;\">\n<ul>\n<li>la ganancia energ\u00e9tica es sustancial: 30% (gasto de 70kWh)<\/li>\n<\/ul>\n<\/li>\n<\/ul>\n<p><\/p>\n<p><\/p>\n<ul>\n<li style=\"list-style-type: none;\">\n<ul>\n<li>la superficie de calentamiento m\u00e1s grande permite un aumento r\u00e1pido de la temperatura del producto.<\/li>\n<\/ul>\n<\/li>\n<\/ul>\n<p><\/p>\n<p><\/p>\n<ul>\n<li style=\"list-style-type: none;\">\n<ul>\n<li>Reduciendo el tiempo de tratamiento<\/li>\n<\/ul>\n<\/li>\n<\/ul>\n<p><\/p>\n<p><\/p>\n<ul>\n<li style=\"list-style-type: none;\">\n<ul>\n<li>Lo que conserva las propiedades de su producto<\/li>\n<\/ul>\n<\/li>\n<\/ul>\n<p><\/p>\n<p><\/p>\n&nbsp;\n<p><\/p>\n<h2 class=\"wp-block-heading\">(vapor entre los 100\u00b0 y los 120\u00b0C)<\/h2>\n<p><\/p>\n<ul class=\"wp-block-list\">\n<li style=\"list-style-type: none;\">\n<ul><\/ul>\n<\/li>\n<\/ul>\n<ul>\n<li style=\"list-style-type: none;\">\n<ul>\n<li>inyectado en algunos puntos estrat\u00e9gicos<\/li>\n<\/ul>\n<\/li>\n<\/ul>\n<p><\/p>\n<p><\/p>\n<ul>\n<li style=\"list-style-type: none;\">\n<ul>\n<li>condensa ligeramente en el material<\/li>\n<\/ul>\n<\/li>\n<\/ul>\n<p><\/p>\n<p><\/p>\n<ul>\n<li style=\"list-style-type: none;\">\n<ul>\n<li>aumenta la conductividad t\u00e9rmica<\/li>\n<\/ul>\n<\/li>\n<\/ul>\n<p><\/p>\n<p><\/p>\n<ul>\n<li style=\"list-style-type: none;\">\n<ul>\n<li>garantiza la taza de humedad del producto<\/li>\n<\/ul>\n<\/li>\n<\/ul>\n<p><\/p>\n<p><\/p>\n&nbsp;\n<p><\/p>\n<figure><a href=\"http:\/\/www.fcd-system.com\/wp-content\/uploads\/2016\/02\/vapeur-ligne.jpg\"><img decoding=\"async\" src=\"http:\/\/www.fcd-system.com\/wp-content\/uploads\/2016\/02\/vapeur-ligne.jpg\" alt=\"l\u00ednea vapor\"><\/a><\/figure>\n<p><\/p>\n<p><\/p>\n<h2 class=\"wp-block-heading\">enfriamiento continuo<\/h2>\n<p><\/p>\n<p>La enfriadora es imprescindible para estabilizar el producto tratado y envasarlo sin riesgo de recontaminaci\u00f3n.<\/p>\n<p><\/p>\n<ul class=\"wp-block-list\">\n<li style=\"list-style-type: none;\">\n<ul><\/ul>\n<\/li>\n<\/ul>\n<ul>\n<li style=\"list-style-type: none;\">\n<ul>\n<li>Sistema vibrante con placa enfriada por agua a contra corriente del flujo de material (gradiente t\u00e9rmico)<\/li>\n<\/ul>\n<\/li>\n<\/ul>\n<p><\/p>\n<p><\/p>\n<ul>\n<li style=\"list-style-type: none;\">\n<ul>\n<li>El aire, seco, filtrado se inyecta pro encima de la capa de producto para evitar la cendensaci\u00f3n en la enfriadora.<\/li>\n<\/ul>\n<\/li>\n<\/ul>\n<p><\/p>\n<p><\/p>\n<ul>\n<li style=\"list-style-type: none;\">\n<ul>\n<li>le prducto sale a una temperatura controlada (ambiente 20-30\u00b0C<\/li>\n<\/ul>\n<\/li>\n<\/ul>\n<p><\/p>\n<p><\/p>\n<ul>\n<li style=\"list-style-type: none;\">\n<ul>\n<li>Proliferaci\u00f3n de bacterias parada<\/li>\n<\/ul>\n<\/li>\n<\/ul>\n<p><\/p>\n<p><\/p>\n&nbsp;\n<p><\/p>\n<figure><a href=\"http:\/\/www.fcd-system.com\/wp-content\/uploads\/2014\/05\/CS_circulation.jpg\"><img decoding=\"async\" src=\"http:\/\/www.fcd-system.com\/wp-content\/uploads\/2014\/05\/CS_circulation.jpg\" alt=\"CS circulaci\u00f3n\" width=\"841\" height=\"434\"><\/a><\/figure>\n<p><\/p>\n&nbsp;\n<p><\/p>\n<p>Conjunto con el aire rellenando la c\u00e1mara, el producto (sobre todo los polvos) se enfr\u00eda a contacto con las placas del Cooling System que mezclan a cada pelda\u00f1o.<\/p>\n<p>el primer pelda\u00f1o no se enfr\u00eda por no crear condensaci\u00f3n. Las 3 siguientes se componen de un circuito de agua fr\u00eda (10\u00b0C). As\u00ed el flujo de agua remonta a contra corriente del material en el circuito debajo de las placas.<\/p>\n<p><\/p>\n&nbsp;\n<p><\/p>\n<figure><a href=\"http:\/\/www.fcd-system.com\/wp-content\/uploads\/2014\/05\/CS_double75.jpg\"><img decoding=\"async\" src=\"http:\/\/www.fcd-system.com\/wp-content\/uploads\/2014\/05\/CS_double75.jpg\" alt=\"CS_double75\" width=\"843\" height=\"473\"><\/a><\/figure>\n<p><\/p>","protected":false},"excerpt":{"rendered":"<p>Decontaminaci\u00f3n en continuo con vapor Pelda\u00f1os, calor y vapor. Steristep utiliza 2 fuetes de energ\u00eda para una mayor flexibilidad. Su estructura en escalera asegura una mezcla del producto y una exposic\u00f3n homog\u00e9nea al calor y vapor. La l\u00ednea de producci\u00f3n cuenta con una enfriadora para secar el material tratado y estabilizarlo &nbsp; C\u00f3mo funciona? Pelda\u00f1os &#8230;<\/p>\n","protected":false},"author":1,"featured_media":0,"parent":0,"menu_order":1,"comment_status":"closed","ping_status":"closed","template":"","meta":{"footnotes":""},"class_list":["post-49796","page","type-page","status-publish","hentry"],"yoast_head":"<!-- This site is optimized with the Yoast SEO plugin v26.6 - https:\/\/yoast.com\/wordpress\/plugins\/seo\/ -->\n<title>Steristep - FCD System<\/title>\n<meta name=\"robots\" content=\"index, follow, max-snippet:-1, max-image-preview:large, max-video-preview:-1\" \/>\n<link rel=\"canonical\" href=\"https:\/\/www.fcd-system.com\/es\/maquinaria__trashed\/steristep\/\" \/>\n<meta property=\"og:locale\" content=\"es_ES\" \/>\n<meta property=\"og:type\" content=\"article\" \/>\n<meta property=\"og:title\" content=\"Steristep - FCD System\" \/>\n<meta property=\"og:description\" content=\"Decontaminaci\u00f3n en continuo con vapor Pelda\u00f1os, calor y vapor. Steristep utiliza 2 fuetes de energ\u00eda para una mayor flexibilidad. Su estructura en escalera asegura una mezcla del producto y una exposic\u00f3n homog\u00e9nea al calor y vapor. La l\u00ednea de producci\u00f3n cuenta con una enfriadora para secar el material tratado y estabilizarlo &nbsp; C\u00f3mo funciona? Pelda\u00f1os ...\" \/>\n<meta property=\"og:url\" content=\"https:\/\/www.fcd-system.com\/es\/maquinaria__trashed\/steristep\/\" \/>\n<meta property=\"og:site_name\" content=\"FCD System\" \/>\n<meta property=\"article:modified_time\" content=\"2024-07-23T14:42:31+00:00\" \/>\n<meta property=\"og:image\" content=\"http:\/\/www.fcd-system.com\/wp-content\/uploads\/2016\/02\/chaleur-plaque.jpg\" \/>\n<meta name=\"twitter:card\" content=\"summary_large_image\" \/>\n<meta name=\"twitter:label1\" content=\"Tiempo de lectura\" \/>\n\t<meta name=\"twitter:data1\" content=\"3 minutos\" \/>\n<script type=\"application\/ld+json\" class=\"yoast-schema-graph\">{\"@context\":\"https:\/\/schema.org\",\"@graph\":[{\"@type\":\"WebPage\",\"@id\":\"https:\/\/www.fcd-system.com\/es\/maquinaria__trashed\/steristep\/\",\"url\":\"https:\/\/www.fcd-system.com\/es\/maquinaria__trashed\/steristep\/\",\"name\":\"Steristep - FCD System\",\"isPartOf\":{\"@id\":\"https:\/\/www.fcd-system.com\/#website\"},\"primaryImageOfPage\":{\"@id\":\"https:\/\/www.fcd-system.com\/es\/maquinaria__trashed\/steristep\/#primaryimage\"},\"image\":{\"@id\":\"https:\/\/www.fcd-system.com\/es\/maquinaria__trashed\/steristep\/#primaryimage\"},\"thumbnailUrl\":\"http:\/\/www.fcd-system.com\/wp-content\/uploads\/2016\/02\/chaleur-plaque.jpg\",\"datePublished\":\"2023-05-26T11:09:15+00:00\",\"dateModified\":\"2024-07-23T14:42:31+00:00\",\"breadcrumb\":{\"@id\":\"https:\/\/www.fcd-system.com\/es\/maquinaria__trashed\/steristep\/#breadcrumb\"},\"inLanguage\":\"es\",\"potentialAction\":[{\"@type\":\"ReadAction\",\"target\":[\"https:\/\/www.fcd-system.com\/es\/maquinaria__trashed\/steristep\/\"]}]},{\"@type\":\"ImageObject\",\"inLanguage\":\"es\",\"@id\":\"https:\/\/www.fcd-system.com\/es\/maquinaria__trashed\/steristep\/#primaryimage\",\"url\":\"http:\/\/www.fcd-system.com\/wp-content\/uploads\/2016\/02\/chaleur-plaque.jpg\",\"contentUrl\":\"http:\/\/www.fcd-system.com\/wp-content\/uploads\/2016\/02\/chaleur-plaque.jpg\"},{\"@type\":\"BreadcrumbList\",\"@id\":\"https:\/\/www.fcd-system.com\/es\/maquinaria__trashed\/steristep\/#breadcrumb\",\"itemListElement\":[{\"@type\":\"ListItem\",\"position\":1,\"name\":\"Accueil\",\"item\":\"https:\/\/www.fcd-system.com\/\"},{\"@type\":\"ListItem\",\"position\":2,\"name\":\"Steristep\"}]},{\"@type\":\"WebSite\",\"@id\":\"https:\/\/www.fcd-system.com\/#website\",\"url\":\"https:\/\/www.fcd-system.com\/\",\"name\":\"FCD System\",\"description\":\"Steam sterilisation and roasting\",\"publisher\":{\"@id\":\"https:\/\/www.fcd-system.com\/#organization\"},\"potentialAction\":[{\"@type\":\"SearchAction\",\"target\":{\"@type\":\"EntryPoint\",\"urlTemplate\":\"https:\/\/www.fcd-system.com\/?s={search_term_string}\"},\"query-input\":{\"@type\":\"PropertyValueSpecification\",\"valueRequired\":true,\"valueName\":\"search_term_string\"}}],\"inLanguage\":\"es\"},{\"@type\":\"Organization\",\"@id\":\"https:\/\/www.fcd-system.com\/#organization\",\"name\":\"FCD SYSTEM\",\"url\":\"https:\/\/www.fcd-system.com\/\",\"logo\":{\"@type\":\"ImageObject\",\"inLanguage\":\"es\",\"@id\":\"https:\/\/www.fcd-system.com\/#\/schema\/logo\/image\/\",\"url\":\"https:\/\/www.fcd-system.com\/wp-content\/uploads\/2020\/08\/Logo-Grand-FCD.jpg\",\"contentUrl\":\"https:\/\/www.fcd-system.com\/wp-content\/uploads\/2020\/08\/Logo-Grand-FCD.jpg\",\"width\":503,\"height\":521,\"caption\":\"FCD SYSTEM\"},\"image\":{\"@id\":\"https:\/\/www.fcd-system.com\/#\/schema\/logo\/image\/\"},\"sameAs\":[\"https:\/\/www.youtube.com\/channel\/UCXXvx5uOdIDdkYj-XW58o3g\"]}]}<\/script>\n<!-- \/ Yoast SEO plugin. -->","yoast_head_json":{"title":"Steristep - FCD System","robots":{"index":"index","follow":"follow","max-snippet":"max-snippet:-1","max-image-preview":"max-image-preview:large","max-video-preview":"max-video-preview:-1"},"canonical":"https:\/\/www.fcd-system.com\/es\/maquinaria__trashed\/steristep\/","og_locale":"es_ES","og_type":"article","og_title":"Steristep - FCD System","og_description":"Decontaminaci\u00f3n en continuo con vapor Pelda\u00f1os, calor y vapor. Steristep utiliza 2 fuetes de energ\u00eda para una mayor flexibilidad. Su estructura en escalera asegura una mezcla del producto y una exposic\u00f3n homog\u00e9nea al calor y vapor. La l\u00ednea de producci\u00f3n cuenta con una enfriadora para secar el material tratado y estabilizarlo &nbsp; C\u00f3mo funciona? Pelda\u00f1os ...","og_url":"https:\/\/www.fcd-system.com\/es\/maquinaria__trashed\/steristep\/","og_site_name":"FCD System","article_modified_time":"2024-07-23T14:42:31+00:00","og_image":[{"url":"http:\/\/www.fcd-system.com\/wp-content\/uploads\/2016\/02\/chaleur-plaque.jpg","type":"","width":"","height":""}],"twitter_card":"summary_large_image","twitter_misc":{"Tiempo de lectura":"3 minutos"},"schema":{"@context":"https:\/\/schema.org","@graph":[{"@type":"WebPage","@id":"https:\/\/www.fcd-system.com\/es\/maquinaria__trashed\/steristep\/","url":"https:\/\/www.fcd-system.com\/es\/maquinaria__trashed\/steristep\/","name":"Steristep - FCD System","isPartOf":{"@id":"https:\/\/www.fcd-system.com\/#website"},"primaryImageOfPage":{"@id":"https:\/\/www.fcd-system.com\/es\/maquinaria__trashed\/steristep\/#primaryimage"},"image":{"@id":"https:\/\/www.fcd-system.com\/es\/maquinaria__trashed\/steristep\/#primaryimage"},"thumbnailUrl":"http:\/\/www.fcd-system.com\/wp-content\/uploads\/2016\/02\/chaleur-plaque.jpg","datePublished":"2023-05-26T11:09:15+00:00","dateModified":"2024-07-23T14:42:31+00:00","breadcrumb":{"@id":"https:\/\/www.fcd-system.com\/es\/maquinaria__trashed\/steristep\/#breadcrumb"},"inLanguage":"es","potentialAction":[{"@type":"ReadAction","target":["https:\/\/www.fcd-system.com\/es\/maquinaria__trashed\/steristep\/"]}]},{"@type":"ImageObject","inLanguage":"es","@id":"https:\/\/www.fcd-system.com\/es\/maquinaria__trashed\/steristep\/#primaryimage","url":"http:\/\/www.fcd-system.com\/wp-content\/uploads\/2016\/02\/chaleur-plaque.jpg","contentUrl":"http:\/\/www.fcd-system.com\/wp-content\/uploads\/2016\/02\/chaleur-plaque.jpg"},{"@type":"BreadcrumbList","@id":"https:\/\/www.fcd-system.com\/es\/maquinaria__trashed\/steristep\/#breadcrumb","itemListElement":[{"@type":"ListItem","position":1,"name":"Accueil","item":"https:\/\/www.fcd-system.com\/"},{"@type":"ListItem","position":2,"name":"Steristep"}]},{"@type":"WebSite","@id":"https:\/\/www.fcd-system.com\/#website","url":"https:\/\/www.fcd-system.com\/","name":"FCD System","description":"Steam sterilisation and roasting","publisher":{"@id":"https:\/\/www.fcd-system.com\/#organization"},"potentialAction":[{"@type":"SearchAction","target":{"@type":"EntryPoint","urlTemplate":"https:\/\/www.fcd-system.com\/?s={search_term_string}"},"query-input":{"@type":"PropertyValueSpecification","valueRequired":true,"valueName":"search_term_string"}}],"inLanguage":"es"},{"@type":"Organization","@id":"https:\/\/www.fcd-system.com\/#organization","name":"FCD SYSTEM","url":"https:\/\/www.fcd-system.com\/","logo":{"@type":"ImageObject","inLanguage":"es","@id":"https:\/\/www.fcd-system.com\/#\/schema\/logo\/image\/","url":"https:\/\/www.fcd-system.com\/wp-content\/uploads\/2020\/08\/Logo-Grand-FCD.jpg","contentUrl":"https:\/\/www.fcd-system.com\/wp-content\/uploads\/2020\/08\/Logo-Grand-FCD.jpg","width":503,"height":521,"caption":"FCD SYSTEM"},"image":{"@id":"https:\/\/www.fcd-system.com\/#\/schema\/logo\/image\/"},"sameAs":["https:\/\/www.youtube.com\/channel\/UCXXvx5uOdIDdkYj-XW58o3g"]}]}},"_links":{"self":[{"href":"https:\/\/www.fcd-system.com\/es\/wp-json\/wp\/v2\/pages\/49796","targetHints":{"allow":["GET"]}}],"collection":[{"href":"https:\/\/www.fcd-system.com\/es\/wp-json\/wp\/v2\/pages"}],"about":[{"href":"https:\/\/www.fcd-system.com\/es\/wp-json\/wp\/v2\/types\/page"}],"author":[{"embeddable":true,"href":"https:\/\/www.fcd-system.com\/es\/wp-json\/wp\/v2\/users\/1"}],"replies":[{"embeddable":true,"href":"https:\/\/www.fcd-system.com\/es\/wp-json\/wp\/v2\/comments?post=49796"}],"version-history":[{"count":10,"href":"https:\/\/www.fcd-system.com\/es\/wp-json\/wp\/v2\/pages\/49796\/revisions"}],"predecessor-version":[{"id":50068,"href":"https:\/\/www.fcd-system.com\/es\/wp-json\/wp\/v2\/pages\/49796\/revisions\/50068"}],"wp:attachment":[{"href":"https:\/\/www.fcd-system.com\/es\/wp-json\/wp\/v2\/media?parent=49796"}],"curies":[{"name":"wp","href":"https:\/\/api.w.org\/{rel}","templated":true}]}}