{"id":49828,"date":"2023-05-26T14:37:45","date_gmt":"2023-05-26T13:37:45","guid":{"rendered":"https:\/\/www.fcd-system.com\/desinsectizacion\/"},"modified":"2025-06-16T13:35:40","modified_gmt":"2025-06-16T12:35:40","slug":"desinsectizacion","status":"publish","type":"page","link":"https:\/\/www.fcd-system.com\/es\/desinsectizacion\/","title":{"rendered":"Desinsectizaci\u00f3n"},"content":{"rendered":"\t\t<div data-elementor-type=\"wp-page\" data-elementor-id=\"49828\" class=\"elementor elementor-49828 elementor-2342\">\n\t\t\t\t\t\t<section class=\"elementor-section elementor-top-section elementor-element elementor-element-f7bc360 elementor-section-boxed elementor-section-height-default elementor-section-height-default\" data-id=\"f7bc360\" data-element_type=\"section\">\n\t\t\t\t\t\t<div class=\"elementor-container elementor-column-gap-default\">\n\t\t\t\t\t<div class=\"elementor-column elementor-col-100 elementor-top-column elementor-element elementor-element-8b61c25\" data-id=\"8b61c25\" data-element_type=\"column\">\n\t\t\t<div class=\"elementor-widget-wrap elementor-element-populated\">\n\t\t\t\t\t\t<div class=\"elementor-element elementor-element-73e0f3b elementor-position-top elementor-widget elementor-widget-image-box\" data-id=\"73e0f3b\" data-element_type=\"widget\" data-widget_type=\"image-box.default\">\n\t\t\t\t<div class=\"elementor-widget-container\">\n\t\t\t\t\t<div class=\"elementor-image-box-wrapper\"><figure class=\"elementor-image-box-img\"><img fetchpriority=\"high\" decoding=\"async\" width=\"2560\" height=\"1920\" src=\"https:\/\/www.fcd-system.com\/wp-content\/uploads\/2021\/03\/IMG_20210331_135547-scaled.jpg\" class=\"attachment-full size-full wp-image-2347\" alt=\"\" srcset=\"https:\/\/www.fcd-system.com\/wp-content\/uploads\/2021\/03\/IMG_20210331_135547-scaled.jpg 2560w, https:\/\/www.fcd-system.com\/wp-content\/uploads\/2021\/03\/IMG_20210331_135547-300x225.jpg 300w, https:\/\/www.fcd-system.com\/wp-content\/uploads\/2021\/03\/IMG_20210331_135547-1024x768.jpg 1024w, https:\/\/www.fcd-system.com\/wp-content\/uploads\/2021\/03\/IMG_20210331_135547-768x576.jpg 768w, https:\/\/www.fcd-system.com\/wp-content\/uploads\/2021\/03\/IMG_20210331_135547-1536x1152.jpg 1536w, https:\/\/www.fcd-system.com\/wp-content\/uploads\/2021\/03\/IMG_20210331_135547-2048x1536.jpg 2048w\" sizes=\"(max-width: 2560px) 100vw, 2560px\" \/><\/figure><div class=\"elementor-image-box-content\"><h3 class=\"elementor-image-box-title\">Limpieza de productos con insectos<\/h3><p class=\"elementor-image-box-description\">Eliminaci\u00f3n de insectos de forma natural con vapor y tamizado<\/p><\/div><\/div>\t\t\t\t<\/div>\n\t\t\t\t<\/div>\n\t\t\t\t\t<\/div>\n\t\t<\/div>\n\t\t\t\t\t<\/div>\n\t\t<\/section>\n\t\t\t\t<section class=\"elementor-section elementor-top-section elementor-element elementor-element-6bd29a15 elementor-section-boxed elementor-section-height-default elementor-section-height-default\" data-id=\"6bd29a15\" data-element_type=\"section\">\n\t\t\t\t\t\t<div class=\"elementor-container elementor-column-gap-default\">\n\t\t\t\t\t<div class=\"elementor-column elementor-col-100 elementor-top-column elementor-element elementor-element-71f90d32\" data-id=\"71f90d32\" data-element_type=\"column\">\n\t\t\t<div class=\"elementor-widget-wrap elementor-element-populated\">\n\t\t\t\t\t\t<div class=\"elementor-element elementor-element-4ac010dd elementor-widget elementor-widget-text-editor\" data-id=\"4ac010dd\" data-element_type=\"widget\" data-widget_type=\"text-editor.default\">\n\t\t\t\t<div class=\"elementor-widget-container\">\n\t\t\t\t\t\t\t\t\t<div class=\"wp-block-spacer\" style=\"height: 100px;\" aria-hidden=\"true\"><\/div>\n<p>FCD puede eliminar los insectos presentes en las yerbas, plantas y semillas. Las larvas, los huevos o los gusanos se eliminas gracias al uso de la tecnolog\u00eda <a href=\"https:\/\/www.fcd-system.com\/services\/debacterisation-vapeur\/\">Steristep<\/a> que usa el calor y el vapor junto a un enfriamiento r\u00e1pido para matar los insectos. Luego una operaci\u00f3n mec\u00e1nica eliminar f\u00edsicamente los insectos.<\/p>\n<div class=\"wp-block-spacer\" style=\"height: 54px;\" aria-hidden=\"true\"><\/div>\n<p>Garanti 100% naturel, pas de produit chimique mis en oeuvre.<\/p>\n<div class=\"wp-block-spacer\" style=\"height: 100px;\" aria-hidden=\"true\"><\/div>\n<figure class=\"wp-block-gallery columns-3 is-cropped\">\n<ul class=\"blocks-gallery-grid\">\n<li class=\"blocks-gallery-item\">\n<figure><a href=\"https:\/\/www.fcd-system.com\/wp-content\/uploads\/2021\/03\/IMG_20210331_135547-scaled.jpg\"><img decoding=\"async\" width=\"1024\" height=\"768\" class=\"wp-image-2347\" src=\"https:\/\/www.fcd-system.com\/wp-content\/uploads\/2021\/03\/IMG_20210331_135547-1024x768.jpg\" alt=\"\" data-id=\"2347\" data-full-url=\"https:\/\/www.fcd-system.com\/wp-content\/uploads\/2021\/03\/IMG_20210331_135547-scaled.jpg\" data-link=\"https:\/\/www.fcd-system.com\/?attachment_id=2347\" srcset=\"https:\/\/www.fcd-system.com\/wp-content\/uploads\/2021\/03\/IMG_20210331_135547-1024x768.jpg 1024w, https:\/\/www.fcd-system.com\/wp-content\/uploads\/2021\/03\/IMG_20210331_135547-300x225.jpg 300w, https:\/\/www.fcd-system.com\/wp-content\/uploads\/2021\/03\/IMG_20210331_135547-768x576.jpg 768w, https:\/\/www.fcd-system.com\/wp-content\/uploads\/2021\/03\/IMG_20210331_135547-1536x1152.jpg 1536w, https:\/\/www.fcd-system.com\/wp-content\/uploads\/2021\/03\/IMG_20210331_135547-2048x1536.jpg 2048w\" sizes=\"(max-width: 1024px) 100vw, 1024px\" \/><\/a><\/figure>\n<\/li>\n<li class=\"blocks-gallery-item\">\n<figure><a href=\"https:\/\/www.fcd-system.com\/wp-content\/uploads\/2021\/03\/IMG_20210331_105827-scaled.jpg\"><img decoding=\"async\" width=\"768\" height=\"1024\" class=\"wp-image-2343\" src=\"https:\/\/www.fcd-system.com\/wp-content\/uploads\/2021\/03\/IMG_20210331_105827-768x1024.jpg\" alt=\"\" data-id=\"2343\" data-full-url=\"https:\/\/www.fcd-system.com\/wp-content\/uploads\/2021\/03\/IMG_20210331_105827-scaled.jpg\" data-link=\"https:\/\/www.fcd-system.com\/?attachment_id=2343\" srcset=\"https:\/\/www.fcd-system.com\/wp-content\/uploads\/2021\/03\/IMG_20210331_105827-768x1024.jpg 768w, https:\/\/www.fcd-system.com\/wp-content\/uploads\/2021\/03\/IMG_20210331_105827-225x300.jpg 225w, https:\/\/www.fcd-system.com\/wp-content\/uploads\/2021\/03\/IMG_20210331_105827-1152x1536.jpg 1152w, https:\/\/www.fcd-system.com\/wp-content\/uploads\/2021\/03\/IMG_20210331_105827-1536x2048.jpg 1536w, https:\/\/www.fcd-system.com\/wp-content\/uploads\/2021\/03\/IMG_20210331_105827-scaled.jpg 1920w\" sizes=\"(max-width: 768px) 100vw, 768px\" \/><\/a><\/figure>\n<\/li>\n<li class=\"blocks-gallery-item\">\n<figure><a href=\"https:\/\/www.fcd-system.com\/wp-content\/uploads\/2021\/03\/IMG_20210331_115343-scaled.jpg\"><img loading=\"lazy\" decoding=\"async\" width=\"768\" height=\"1024\" class=\"wp-image-2345\" src=\"https:\/\/www.fcd-system.com\/wp-content\/uploads\/2021\/03\/IMG_20210331_115343-768x1024.jpg\" alt=\"\" data-id=\"2345\" data-full-url=\"https:\/\/www.fcd-system.com\/wp-content\/uploads\/2021\/03\/IMG_20210331_115343-scaled.jpg\" data-link=\"https:\/\/www.fcd-system.com\/?attachment_id=2345\" srcset=\"https:\/\/www.fcd-system.com\/wp-content\/uploads\/2021\/03\/IMG_20210331_115343-768x1024.jpg 768w, https:\/\/www.fcd-system.com\/wp-content\/uploads\/2021\/03\/IMG_20210331_115343-225x300.jpg 225w, https:\/\/www.fcd-system.com\/wp-content\/uploads\/2021\/03\/IMG_20210331_115343-1152x1536.jpg 1152w, https:\/\/www.fcd-system.com\/wp-content\/uploads\/2021\/03\/IMG_20210331_115343-1536x2048.jpg 1536w, https:\/\/www.fcd-system.com\/wp-content\/uploads\/2021\/03\/IMG_20210331_115343-scaled.jpg 1920w\" sizes=\"(max-width: 768px) 100vw, 768px\" \/><\/a><\/figure>\n<\/li>\n<\/ul><figcaption class=\"blocks-gallery-caption\">Eliminaci\u00f3n de insectos en c\u00e1lices de hibiscus<\/figcaption><\/figure>\n<div class=\"wp-block-spacer\" style=\"height: 100px;\" aria-hidden=\"true\"><\/div>\n<div class=\"wp-block-buttons\">\n<div class=\"wp-block-button has-custom-width wp-block-button__width-100\"><a class=\"wp-block-button__link has-white-color has-luminous-vivid-amber-background-color has-text-color has-background\" style=\"border-radius: 20px;\" href=\"mailto:g.clerc@fcdsystem.fr\">Contacto<\/a><\/div>\n<\/div>\n\t\t\t\t\t\t\t\t<\/div>\n\t\t\t\t<\/div>\n\t\t\t\t\t<\/div>\n\t\t<\/div>\n\t\t\t\t\t<\/div>\n\t\t<\/section>\n\t\t\t\t<section class=\"elementor-section elementor-top-section elementor-element elementor-element-4822837 elementor-section-boxed elementor-section-height-default elementor-section-height-default\" data-id=\"4822837\" data-element_type=\"section\">\n\t\t\t\t\t\t<div class=\"elementor-container elementor-column-gap-default\">\n\t\t\t\t\t<div class=\"elementor-column elementor-col-100 elementor-top-column elementor-element elementor-element-4b74824\" data-id=\"4b74824\" data-element_type=\"column\">\n\t\t\t<div class=\"elementor-widget-wrap\">\n\t\t\t\t\t\t\t<\/div>\n\t\t<\/div>\n\t\t\t\t\t<\/div>\n\t\t<\/section>\n\t\t\t\t<section class=\"elementor-section elementor-top-section elementor-element elementor-element-51e0189 elementor-section-boxed elementor-section-height-default elementor-section-height-default\" data-id=\"51e0189\" data-element_type=\"section\">\n\t\t\t\t\t\t<div class=\"elementor-container elementor-column-gap-default\">\n\t\t\t\t\t<div class=\"elementor-column elementor-col-100 elementor-top-column elementor-element elementor-element-5bb4088\" data-id=\"5bb4088\" data-element_type=\"column\">\n\t\t\t<div class=\"elementor-widget-wrap elementor-element-populated\">\n\t\t\t\t\t\t<div class=\"elementor-element elementor-element-47a0083 elementor-align-center elementor-widget elementor-widget-button\" data-id=\"47a0083\" data-element_type=\"widget\" data-widget_type=\"button.default\">\n\t\t\t\t<div class=\"elementor-widget-container\">\n\t\t\t\t\t\t\t\t\t<div class=\"elementor-button-wrapper\">\n\t\t\t\t\t<a class=\"elementor-button elementor-button-link elementor-size-sm\" href=\"https:\/\/www.fcd-system.com\/es\/contacto\/\">\n\t\t\t\t\t\t<span class=\"elementor-button-content-wrapper\">\n\t\t\t\t\t\t\t\t\t<span class=\"elementor-button-text\">Tienes una pregunta? Cont\u00e1ctanos<\/span>\n\t\t\t\t\t<\/span>\n\t\t\t\t\t<\/a>\n\t\t\t\t<\/div>\n\t\t\t\t\t\t\t\t<\/div>\n\t\t\t\t<\/div>\n\t\t\t\t<div class=\"elementor-element elementor-element-c1ef6f6 elementor-widget elementor-widget-image-gallery\" data-id=\"c1ef6f6\" data-element_type=\"widget\" data-widget_type=\"image-gallery.default\">\n\t\t\t\t<div class=\"elementor-widget-container\">\n\t\t\t\t\t\t\t<div class=\"elementor-image-gallery\">\n\t\t\t\n\t\t<style type=\"text\/css\">\n\t\t\t#gallery-1 {\n\t\t\t\tmargin: auto;\n\t\t\t}\n\t\t\t#gallery-1 .gallery-item {\n\t\t\t\tfloat: left;\n\t\t\t\tmargin-top: 10px;\n\t\t\t\ttext-align: center;\n\t\t\t\twidth: 25%;\n\t\t\t}\n\t\t\t#gallery-1 img {\n\t\t\t\tborder: 2px solid #cfcfcf;\n\t\t\t}\n\t\t\t#gallery-1 .gallery-caption {\n\t\t\t\tmargin-left: 0;\n\t\t\t}\n\t\t\t\/* see gallery_shortcode() in wp-includes\/media.php *\/\n\t\t<\/style>\n\t\t<div id='gallery-1' class='gallery galleryid-49828 gallery-columns-4 gallery-size-thumbnail'><dl class='gallery-item'>\n\t\t\t<dt class='gallery-icon portrait'>\n\t\t\t\t<a data-elementor-open-lightbox=\"yes\" data-elementor-lightbox-slideshow=\"c1ef6f6\" data-elementor-lightbox-title=\"IMG_20210331_105827\" data-e-action-hash=\"#elementor-action%3Aaction%3Dlightbox%26settings%3DeyJpZCI6NDk2NzIsInVybCI6Imh0dHBzOlwvXC93d3cuZmNkLXN5c3RlbS5jb21cL3dwLWNvbnRlbnRcL3VwbG9hZHNcLzIwMjFcLzAzXC9JTUdfMjAyMTAzMzFfMTA1ODI3LXNjYWxlZC5qcGciLCJzbGlkZXNob3ciOiJjMWVmNmY2In0%3D\" href='https:\/\/www.fcd-system.com\/wp-content\/uploads\/2021\/03\/IMG_20210331_105827-scaled.jpg'><img loading=\"lazy\" decoding=\"async\" width=\"150\" height=\"150\" src=\"https:\/\/www.fcd-system.com\/wp-content\/uploads\/2021\/03\/IMG_20210331_105827-150x150.jpg\" class=\"attachment-thumbnail size-thumbnail\" alt=\"\" aria-describedby=\"gallery-1-49672\" srcset=\"https:\/\/www.fcd-system.com\/wp-content\/uploads\/2021\/03\/IMG_20210331_105827-150x150.jpg 150w, https:\/\/www.fcd-system.com\/wp-content\/uploads\/2021\/03\/IMG_20210331_105827-600x600.jpg 600w, https:\/\/www.fcd-system.com\/wp-content\/uploads\/2021\/03\/IMG_20210331_105827-400x400.jpg 400w, https:\/\/www.fcd-system.com\/wp-content\/uploads\/2021\/03\/IMG_20210331_105827-250x250.jpg 250w\" sizes=\"(max-width: 150px) 100vw, 150px\" \/><\/a>\n\t\t\t<\/dt>\n\t\t\t\t<dd class='wp-caption-text gallery-caption' id='gallery-1-49672'>\n\t\t\t\thibiscus with larva\n\t\t\t\t<\/dd><\/dl><dl class='gallery-item'>\n\t\t\t<dt class='gallery-icon portrait'>\n\t\t\t\t<a data-elementor-open-lightbox=\"yes\" data-elementor-lightbox-slideshow=\"c1ef6f6\" data-elementor-lightbox-title=\"IMG_20210331_115343\" data-e-action-hash=\"#elementor-action%3Aaction%3Dlightbox%26settings%3DeyJpZCI6NDk2NzMsInVybCI6Imh0dHBzOlwvXC93d3cuZmNkLXN5c3RlbS5jb21cL3dwLWNvbnRlbnRcL3VwbG9hZHNcLzIwMjFcLzAzXC9JTUdfMjAyMTAzMzFfMTE1MzQzLXNjYWxlZC5qcGciLCJzbGlkZXNob3ciOiJjMWVmNmY2In0%3D\" href='https:\/\/www.fcd-system.com\/wp-content\/uploads\/2021\/03\/IMG_20210331_115343-scaled.jpg'><img loading=\"lazy\" decoding=\"async\" width=\"150\" height=\"150\" src=\"https:\/\/www.fcd-system.com\/wp-content\/uploads\/2021\/03\/IMG_20210331_115343-150x150.jpg\" class=\"attachment-thumbnail size-thumbnail\" alt=\"\" aria-describedby=\"gallery-1-49673\" srcset=\"https:\/\/www.fcd-system.com\/wp-content\/uploads\/2021\/03\/IMG_20210331_115343-150x150.jpg 150w, https:\/\/www.fcd-system.com\/wp-content\/uploads\/2021\/03\/IMG_20210331_115343-600x600.jpg 600w, https:\/\/www.fcd-system.com\/wp-content\/uploads\/2021\/03\/IMG_20210331_115343-400x400.jpg 400w, https:\/\/www.fcd-system.com\/wp-content\/uploads\/2021\/03\/IMG_20210331_115343-250x250.jpg 250w\" sizes=\"(max-width: 150px) 100vw, 150px\" \/><\/a>\n\t\t\t<\/dt>\n\t\t\t\t<dd class='wp-caption-text gallery-caption' id='gallery-1-49673'>\n\t\t\t\tMoths, larva, eggs\n\t\t\t\t<\/dd><\/dl><dl class='gallery-item'>\n\t\t\t<dt class='gallery-icon portrait'>\n\t\t\t\t<a data-elementor-open-lightbox=\"yes\" data-elementor-lightbox-slideshow=\"c1ef6f6\" data-elementor-lightbox-title=\"dav_soft\" data-e-action-hash=\"#elementor-action%3Aaction%3Dlightbox%26settings%3DeyJpZCI6NDk2OTksInVybCI6Imh0dHBzOlwvXC93d3cuZmNkLXN5c3RlbS5jb21cL3dwLWNvbnRlbnRcL3VwbG9hZHNcLzIwMjJcLzAzXC9JTUdfMjAyMjAzMThfMDk1NjQ5LmpwZyIsInNsaWRlc2hvdyI6ImMxZWY2ZjYifQ%3D%3D\" data-elementor-lightbox-description=\"Hibiscus\" href='https:\/\/www.fcd-system.com\/wp-content\/uploads\/2022\/03\/IMG_20220318_095649.jpg'><img loading=\"lazy\" decoding=\"async\" width=\"150\" height=\"150\" src=\"https:\/\/www.fcd-system.com\/wp-content\/uploads\/2022\/03\/IMG_20220318_095649-150x150.jpg\" class=\"attachment-thumbnail size-thumbnail\" alt=\"Hibiscus\" aria-describedby=\"gallery-1-49699\" srcset=\"https:\/\/www.fcd-system.com\/wp-content\/uploads\/2022\/03\/IMG_20220318_095649-150x150.jpg 150w, https:\/\/www.fcd-system.com\/wp-content\/uploads\/2022\/03\/IMG_20220318_095649-600x600.jpg 600w, https:\/\/www.fcd-system.com\/wp-content\/uploads\/2022\/03\/IMG_20220318_095649-400x400.jpg 400w, https:\/\/www.fcd-system.com\/wp-content\/uploads\/2022\/03\/IMG_20220318_095649-250x250.jpg 250w\" sizes=\"(max-width: 150px) 100vw, 150px\" \/><\/a>\n\t\t\t<\/dt>\n\t\t\t\t<dd class='wp-caption-text gallery-caption' id='gallery-1-49699'>\n\t\t\t\tdav_soft\n\t\t\t\t<\/dd><\/dl><dl class='gallery-item'>\n\t\t\t<dt class='gallery-icon landscape'>\n\t\t\t\t<a data-elementor-open-lightbox=\"yes\" data-elementor-lightbox-slideshow=\"c1ef6f6\" data-elementor-lightbox-title=\"Hibiscus (1)\" data-e-action-hash=\"#elementor-action%3Aaction%3Dlightbox%26settings%3DeyJpZCI6NTAyMTAsInVybCI6Imh0dHBzOlwvXC93d3cuZmNkLXN5c3RlbS5jb21cL3dwLWNvbnRlbnRcL3VwbG9hZHNcLzIwMjRcLzA4XC9IaWJpc2N1cy0xLXNjYWxlZC5qcGciLCJzbGlkZXNob3ciOiJjMWVmNmY2In0%3D\" data-elementor-lightbox-description=\"Hibiscus\" href='https:\/\/www.fcd-system.com\/wp-content\/uploads\/2024\/08\/Hibiscus-1-scaled.jpg'><img loading=\"lazy\" decoding=\"async\" width=\"150\" height=\"150\" src=\"https:\/\/www.fcd-system.com\/wp-content\/uploads\/2024\/08\/Hibiscus-1-150x150.jpg\" class=\"attachment-thumbnail size-thumbnail\" alt=\"\" aria-describedby=\"gallery-1-50210\" srcset=\"https:\/\/www.fcd-system.com\/wp-content\/uploads\/2024\/08\/Hibiscus-1-150x150.jpg 150w, https:\/\/www.fcd-system.com\/wp-content\/uploads\/2024\/08\/Hibiscus-1-600x600.jpg 600w, https:\/\/www.fcd-system.com\/wp-content\/uploads\/2024\/08\/Hibiscus-1-400x400.jpg 400w, https:\/\/www.fcd-system.com\/wp-content\/uploads\/2024\/08\/Hibiscus-1-250x250.jpg 250w\" sizes=\"(max-width: 150px) 100vw, 150px\" \/><\/a>\n\t\t\t<\/dt>\n\t\t\t\t<dd class='wp-caption-text gallery-caption' id='gallery-1-50210'>\n\t\t\t\tHibiscus treated\n\t\t\t\t<\/dd><\/dl><br style=\"clear: both\" \/>\n\t\t<\/div>\n\t\t<\/div>\n\t\t\t\t\t\t<\/div>\n\t\t\t\t<\/div>\n\t\t\t\t\t<\/div>\n\t\t<\/div>\n\t\t\t\t\t<\/div>\n\t\t<\/section>\n\t\t\t\t<\/div>\n\t\t","protected":false},"excerpt":{"rendered":"<p>Limpieza de productos con insectos Eliminaci\u00f3n de insectos de forma natural con vapor y tamizado FCD puede eliminar los insectos presentes en las yerbas, plantas y semillas. Las larvas, los huevos o los gusanos se eliminas gracias al uso de la tecnolog\u00eda Steristep que usa el calor y el vapor junto a un enfriamiento r\u00e1pido &#8230;<\/p>\n","protected":false},"author":3,"featured_media":0,"parent":0,"menu_order":0,"comment_status":"closed","ping_status":"closed","template":"","meta":{"footnotes":""},"class_list":["post-49828","page","type-page","status-publish","hentry"],"yoast_head":"<!-- This site is optimized with the Yoast SEO plugin v26.6 - https:\/\/yoast.com\/wordpress\/plugins\/seo\/ -->\n<title>Desinsectizaci\u00f3n - FCD System<\/title>\n<meta name=\"description\" content=\"Erradicar los insectos en las plantas, especias y semillas sin productos qu\u00edmicos? S\u00ed se puede con el tratamiento vapor Steristep. La selecci\u00f3n se efectua despu\u00e9s.\" \/>\n<meta name=\"robots\" content=\"index, follow, max-snippet:-1, max-image-preview:large, max-video-preview:-1\" \/>\n<link rel=\"canonical\" href=\"https:\/\/www.fcd-system.com\/desinsectisation-vapeur\/\" \/>\n<meta property=\"og:locale\" content=\"es_ES\" \/>\n<meta property=\"og:type\" content=\"article\" \/>\n<meta property=\"og:title\" content=\"Desinsectizaci\u00f3n - FCD System\" \/>\n<meta property=\"og:description\" content=\"Erradicar los insectos en las plantas, especias y semillas sin productos qu\u00edmicos? S\u00ed se puede con el tratamiento vapor Steristep. La selecci\u00f3n se efectua despu\u00e9s.\" \/>\n<meta property=\"og:url\" content=\"https:\/\/www.fcd-system.com\/desinsectisation-vapeur\/\" \/>\n<meta property=\"og:site_name\" content=\"FCD System\" \/>\n<meta property=\"article:modified_time\" content=\"2025-06-16T12:35:40+00:00\" \/>\n<meta property=\"og:image\" content=\"https:\/\/www.fcd-system.com\/wp-content\/uploads\/2021\/03\/IMG_20210331_135547-scaled.jpg\" \/>\n<meta name=\"twitter:card\" content=\"summary_large_image\" \/>\n<meta name=\"twitter:label1\" content=\"Tiempo de lectura\" \/>\n\t<meta name=\"twitter:data1\" content=\"1 minuto\" \/>\n<script type=\"application\/ld+json\" class=\"yoast-schema-graph\">{\"@context\":\"https:\/\/schema.org\",\"@graph\":[{\"@type\":\"WebPage\",\"@id\":\"https:\/\/www.fcd-system.com\/desinsectisation-vapeur\/\",\"url\":\"https:\/\/www.fcd-system.com\/desinsectisation-vapeur\/\",\"name\":\"Desinsectizaci\u00f3n - FCD System\",\"isPartOf\":{\"@id\":\"https:\/\/www.fcd-system.com\/#website\"},\"primaryImageOfPage\":{\"@id\":\"https:\/\/www.fcd-system.com\/desinsectisation-vapeur\/#primaryimage\"},\"image\":{\"@id\":\"https:\/\/www.fcd-system.com\/desinsectisation-vapeur\/#primaryimage\"},\"thumbnailUrl\":\"https:\/\/www.fcd-system.com\/wp-content\/uploads\/2021\/03\/IMG_20210331_135547-scaled.jpg\",\"datePublished\":\"2023-05-26T13:37:45+00:00\",\"dateModified\":\"2025-06-16T12:35:40+00:00\",\"description\":\"Erradicar los insectos en las plantas, especias y semillas sin productos qu\u00edmicos? S\u00ed se puede con el tratamiento vapor Steristep. La selecci\u00f3n se efectua despu\u00e9s.\",\"breadcrumb\":{\"@id\":\"https:\/\/www.fcd-system.com\/desinsectisation-vapeur\/#breadcrumb\"},\"inLanguage\":\"es\",\"potentialAction\":[{\"@type\":\"ReadAction\",\"target\":[\"https:\/\/www.fcd-system.com\/desinsectisation-vapeur\/\"]}]},{\"@type\":\"ImageObject\",\"inLanguage\":\"es\",\"@id\":\"https:\/\/www.fcd-system.com\/desinsectisation-vapeur\/#primaryimage\",\"url\":\"https:\/\/www.fcd-system.com\/wp-content\/uploads\/2021\/03\/IMG_20210331_135547-scaled.jpg\",\"contentUrl\":\"https:\/\/www.fcd-system.com\/wp-content\/uploads\/2021\/03\/IMG_20210331_135547-scaled.jpg\"},{\"@type\":\"BreadcrumbList\",\"@id\":\"https:\/\/www.fcd-system.com\/desinsectisation-vapeur\/#breadcrumb\",\"itemListElement\":[{\"@type\":\"ListItem\",\"position\":1,\"name\":\"Accueil\",\"item\":\"https:\/\/www.fcd-system.com\/\"},{\"@type\":\"ListItem\",\"position\":2,\"name\":\"Desinsectizaci\u00f3n\"}]},{\"@type\":\"WebSite\",\"@id\":\"https:\/\/www.fcd-system.com\/#website\",\"url\":\"https:\/\/www.fcd-system.com\/\",\"name\":\"FCD System\",\"description\":\"Steam sterilisation and roasting\",\"publisher\":{\"@id\":\"https:\/\/www.fcd-system.com\/#organization\"},\"potentialAction\":[{\"@type\":\"SearchAction\",\"target\":{\"@type\":\"EntryPoint\",\"urlTemplate\":\"https:\/\/www.fcd-system.com\/?s={search_term_string}\"},\"query-input\":{\"@type\":\"PropertyValueSpecification\",\"valueRequired\":true,\"valueName\":\"search_term_string\"}}],\"inLanguage\":\"es\"},{\"@type\":\"Organization\",\"@id\":\"https:\/\/www.fcd-system.com\/#organization\",\"name\":\"FCD SYSTEM\",\"url\":\"https:\/\/www.fcd-system.com\/\",\"logo\":{\"@type\":\"ImageObject\",\"inLanguage\":\"es\",\"@id\":\"https:\/\/www.fcd-system.com\/#\/schema\/logo\/image\/\",\"url\":\"https:\/\/www.fcd-system.com\/wp-content\/uploads\/2020\/08\/Logo-Grand-FCD.jpg\",\"contentUrl\":\"https:\/\/www.fcd-system.com\/wp-content\/uploads\/2020\/08\/Logo-Grand-FCD.jpg\",\"width\":503,\"height\":521,\"caption\":\"FCD SYSTEM\"},\"image\":{\"@id\":\"https:\/\/www.fcd-system.com\/#\/schema\/logo\/image\/\"},\"sameAs\":[\"https:\/\/www.youtube.com\/channel\/UCXXvx5uOdIDdkYj-XW58o3g\"]}]}<\/script>\n<!-- \/ Yoast SEO plugin. -->","yoast_head_json":{"title":"Desinsectizaci\u00f3n - FCD System","description":"Erradicar los insectos en las plantas, especias y semillas sin productos qu\u00edmicos? S\u00ed se puede con el tratamiento vapor Steristep. La selecci\u00f3n se efectua despu\u00e9s.","robots":{"index":"index","follow":"follow","max-snippet":"max-snippet:-1","max-image-preview":"max-image-preview:large","max-video-preview":"max-video-preview:-1"},"canonical":"https:\/\/www.fcd-system.com\/desinsectisation-vapeur\/","og_locale":"es_ES","og_type":"article","og_title":"Desinsectizaci\u00f3n - FCD System","og_description":"Erradicar los insectos en las plantas, especias y semillas sin productos qu\u00edmicos? S\u00ed se puede con el tratamiento vapor Steristep. La selecci\u00f3n se efectua despu\u00e9s.","og_url":"https:\/\/www.fcd-system.com\/desinsectisation-vapeur\/","og_site_name":"FCD System","article_modified_time":"2025-06-16T12:35:40+00:00","og_image":[{"url":"https:\/\/www.fcd-system.com\/wp-content\/uploads\/2021\/03\/IMG_20210331_135547-scaled.jpg","type":"","width":"","height":""}],"twitter_card":"summary_large_image","twitter_misc":{"Tiempo de lectura":"1 minuto"},"schema":{"@context":"https:\/\/schema.org","@graph":[{"@type":"WebPage","@id":"https:\/\/www.fcd-system.com\/desinsectisation-vapeur\/","url":"https:\/\/www.fcd-system.com\/desinsectisation-vapeur\/","name":"Desinsectizaci\u00f3n - FCD System","isPartOf":{"@id":"https:\/\/www.fcd-system.com\/#website"},"primaryImageOfPage":{"@id":"https:\/\/www.fcd-system.com\/desinsectisation-vapeur\/#primaryimage"},"image":{"@id":"https:\/\/www.fcd-system.com\/desinsectisation-vapeur\/#primaryimage"},"thumbnailUrl":"https:\/\/www.fcd-system.com\/wp-content\/uploads\/2021\/03\/IMG_20210331_135547-scaled.jpg","datePublished":"2023-05-26T13:37:45+00:00","dateModified":"2025-06-16T12:35:40+00:00","description":"Erradicar los insectos en las plantas, especias y semillas sin productos qu\u00edmicos? S\u00ed se puede con el tratamiento vapor Steristep. La selecci\u00f3n se efectua despu\u00e9s.","breadcrumb":{"@id":"https:\/\/www.fcd-system.com\/desinsectisation-vapeur\/#breadcrumb"},"inLanguage":"es","potentialAction":[{"@type":"ReadAction","target":["https:\/\/www.fcd-system.com\/desinsectisation-vapeur\/"]}]},{"@type":"ImageObject","inLanguage":"es","@id":"https:\/\/www.fcd-system.com\/desinsectisation-vapeur\/#primaryimage","url":"https:\/\/www.fcd-system.com\/wp-content\/uploads\/2021\/03\/IMG_20210331_135547-scaled.jpg","contentUrl":"https:\/\/www.fcd-system.com\/wp-content\/uploads\/2021\/03\/IMG_20210331_135547-scaled.jpg"},{"@type":"BreadcrumbList","@id":"https:\/\/www.fcd-system.com\/desinsectisation-vapeur\/#breadcrumb","itemListElement":[{"@type":"ListItem","position":1,"name":"Accueil","item":"https:\/\/www.fcd-system.com\/"},{"@type":"ListItem","position":2,"name":"Desinsectizaci\u00f3n"}]},{"@type":"WebSite","@id":"https:\/\/www.fcd-system.com\/#website","url":"https:\/\/www.fcd-system.com\/","name":"FCD System","description":"Steam sterilisation and roasting","publisher":{"@id":"https:\/\/www.fcd-system.com\/#organization"},"potentialAction":[{"@type":"SearchAction","target":{"@type":"EntryPoint","urlTemplate":"https:\/\/www.fcd-system.com\/?s={search_term_string}"},"query-input":{"@type":"PropertyValueSpecification","valueRequired":true,"valueName":"search_term_string"}}],"inLanguage":"es"},{"@type":"Organization","@id":"https:\/\/www.fcd-system.com\/#organization","name":"FCD SYSTEM","url":"https:\/\/www.fcd-system.com\/","logo":{"@type":"ImageObject","inLanguage":"es","@id":"https:\/\/www.fcd-system.com\/#\/schema\/logo\/image\/","url":"https:\/\/www.fcd-system.com\/wp-content\/uploads\/2020\/08\/Logo-Grand-FCD.jpg","contentUrl":"https:\/\/www.fcd-system.com\/wp-content\/uploads\/2020\/08\/Logo-Grand-FCD.jpg","width":503,"height":521,"caption":"FCD SYSTEM"},"image":{"@id":"https:\/\/www.fcd-system.com\/#\/schema\/logo\/image\/"},"sameAs":["https:\/\/www.youtube.com\/channel\/UCXXvx5uOdIDdkYj-XW58o3g"]}]}},"_links":{"self":[{"href":"https:\/\/www.fcd-system.com\/es\/wp-json\/wp\/v2\/pages\/49828","targetHints":{"allow":["GET"]}}],"collection":[{"href":"https:\/\/www.fcd-system.com\/es\/wp-json\/wp\/v2\/pages"}],"about":[{"href":"https:\/\/www.fcd-system.com\/es\/wp-json\/wp\/v2\/types\/page"}],"author":[{"embeddable":true,"href":"https:\/\/www.fcd-system.com\/es\/wp-json\/wp\/v2\/users\/3"}],"replies":[{"embeddable":true,"href":"https:\/\/www.fcd-system.com\/es\/wp-json\/wp\/v2\/comments?post=49828"}],"version-history":[{"count":8,"href":"https:\/\/www.fcd-system.com\/es\/wp-json\/wp\/v2\/pages\/49828\/revisions"}],"predecessor-version":[{"id":50307,"href":"https:\/\/www.fcd-system.com\/es\/wp-json\/wp\/v2\/pages\/49828\/revisions\/50307"}],"wp:attachment":[{"href":"https:\/\/www.fcd-system.com\/es\/wp-json\/wp\/v2\/media?parent=49828"}],"curies":[{"name":"wp","href":"https:\/\/api.w.org\/{rel}","templated":true}]}}