{"id":49873,"date":"2023-06-12T15:40:39","date_gmt":"2023-06-12T14:40:39","guid":{"rendered":"https:\/\/www.fcd-system.com\/servicios\/pasterizacion-vapor\/"},"modified":"2024-08-01T08:26:03","modified_gmt":"2024-08-01T07:26:03","slug":"pasterizacion-vapor","status":"publish","type":"page","link":"https:\/\/www.fcd-system.com\/es\/servicios\/pasterizacion-vapor\/","title":{"rendered":"Pasterizaci\u00f3n vapor"},"content":{"rendered":"\n<h2 class=\"wp-block-heading has-vivid-cyan-blue-color has-text-color has-large-font-size\">FCD tiene centro de servicio m\u00e1s completo del mundo<\/h2>\n\n<div style=\"height:100px\" aria-hidden=\"true\" class=\"wp-block-spacer\"><\/div>\n\n<div data-wp-interactive=\"core\/file\" class=\"wp-block-file\"><object data-wp-bind--hidden=\"!state.hasPdfPreview\" hidden class=\"wp-block-file__embed\" data=\"https:\/\/www.fcd-system.com\/wp-content\/uploads\/2024\/07\/Decontamination-Technologies-Overview-3.pdf\" type=\"application\/pdf\" style=\"width:100%;height:600px\" aria-label=\"Incrustado de Decontamination Technologies Overview (3).\"><\/object><a id=\"wp-block-file--media-faffedd5-419b-43b5-9ed3-155aa738b7cd\" href=\"https:\/\/www.fcd-system.com\/wp-content\/uploads\/2024\/07\/Decontamination-Technologies-Overview-3.pdf\">Panorama de las tecnolog\u00edas de descontaminaci\u00f3n<\/a><a href=\"https:\/\/www.fcd-system.com\/wp-content\/uploads\/2024\/07\/Decontamination-Technologies-Overview-3.pdf\" class=\"wp-block-file__button wp-element-button\" download=\"\" aria-describedby=\"wp-block-file--media-faffedd5-419b-43b5-9ed3-155aa738b7cd\">Descargar<\/a><\/div>\n\n<figure class=\"wp-block-image\"><img decoding=\"async\" src=\"https:\/\/www.fcd-system.com\/wp-content\/uploads\/2018\/06\/DEBACTERISATION-VAPEUR-1024x768.jpg\" alt=\"L&#xED;neas de producci&#xF3;n Steristep\"\/><\/figure>\n\n<div style=\"height:100px\" aria-hidden=\"true\" class=\"wp-block-spacer\"><\/div>\n\n<p class=\"has-medium-font-size\">FCD propone un servicio de decontaminaci\u00f3n vapor al kilo para m\u00e1s de 500 productos distintos como:<\/p>\n\n<div style=\"height:100px\" aria-hidden=\"true\" class=\"wp-block-spacer\"><\/div>\n\n<ul class=\"wp-block-list\">\n<li><\/li>\n<\/ul>\n\n<div class=\"wp-block-media-text alignwide is-stacked-on-mobile\"><figure class=\"wp-block-media-text__media\"><img fetchpriority=\"high\" decoding=\"async\" width=\"955\" height=\"1024\" src=\"https:\/\/www.fcd-system.com\/wp-content\/uploads\/2022\/03\/IMG_20220318_095649-955x1024.jpg\" alt=\"Hibiscus\" class=\"wp-image-12290 size-full\" srcset=\"https:\/\/www.fcd-system.com\/wp-content\/uploads\/2022\/03\/IMG_20220318_095649-955x1024.jpg 955w, https:\/\/www.fcd-system.com\/wp-content\/uploads\/2022\/03\/IMG_20220318_095649-280x300.jpg 280w, https:\/\/www.fcd-system.com\/wp-content\/uploads\/2022\/03\/IMG_20220318_095649-768x823.jpg 768w, https:\/\/www.fcd-system.com\/wp-content\/uploads\/2022\/03\/IMG_20220318_095649-1433x1536.jpg 1433w, https:\/\/www.fcd-system.com\/wp-content\/uploads\/2022\/03\/IMG_20220318_095649.jpg 1632w\" sizes=\"(max-width: 955px) 100vw, 955px\" \/><\/figure><div class=\"wp-block-media-text__content\">\n<ul class=\"wp-block-list\">\n<li class=\"has-medium-font-size\">Yerbas<\/li>\n\n\n\n<li class=\"has-medium-font-size\">Plantas<\/li>\n\n\n\n<li class=\"has-medium-font-size\">Algas<\/li>\n\n\n\n<li class=\"has-medium-font-size\">Ingredientes funcionales (gomas, psyllium)<\/li>\n\n\n\n<li class=\"has-medium-font-size\">especias (enteras o en polvo)<\/li>\n\n\n\n<li class=\"has-medium-font-size\">Cereales<\/li>\n\n\n\n<li class=\"has-medium-font-size\">semillas<\/li>\n\n\n\n<li class=\"has-medium-font-size\">Frutos secos<\/li>\n\n\n\n<li class=\"has-medium-font-size\">Harinas y polvos<\/li>\n<\/ul>\n<\/div><\/div>\n\n<div style=\"height:100px\" aria-hidden=\"true\" class=\"wp-block-spacer\"><\/div>\n\n<p class=\"has-vivid-cyan-blue-color has-text-color has-large-font-size\">Nuestras garant\u00edas <\/p>\n\n<div style=\"height:100px\" aria-hidden=\"true\" class=\"wp-block-spacer\"><\/div>\n\n<div data-wp-interactive=\"core\/file\" class=\"wp-block-file\"><object data-wp-bind--hidden=\"!state.hasPdfPreview\" hidden class=\"wp-block-file__embed\" data=\"https:\/\/www.fcd-system.com\/wp-content\/uploads\/2024\/07\/AELE2024-1.pdf\" type=\"application\/pdf\" style=\"width:100%;height:600px\" aria-label=\"Incrustado de AELE(2024).\"><\/object><a id=\"wp-block-file--media-c310a0da-cb51-43b1-9843-b9a470a6bf3e\" href=\"https:\/\/www.fcd-system.com\/wp-content\/uploads\/2024\/07\/AELE2024-1.pdf\">AELE(2024)<\/a><a href=\"https:\/\/www.fcd-system.com\/wp-content\/uploads\/2024\/07\/AELE2024-1.pdf\" class=\"wp-block-file__button wp-element-button\" download=\"\" aria-describedby=\"wp-block-file--media-c310a0da-cb51-43b1-9843-b9a470a6bf3e\">Descargar<\/a><\/div>\n\n<div style=\"height:100px\" aria-hidden=\"true\" class=\"wp-block-spacer\"><\/div>\n","protected":false},"excerpt":{"rendered":"<p>FCD tiene centro de servicio m\u00e1s completo del mundo FCD propone un servicio de decontaminaci\u00f3n vapor al kilo para m\u00e1s de 500 productos distintos como: Nuestras garant\u00edas<\/p>\n","protected":false},"author":3,"featured_media":0,"parent":49745,"menu_order":1,"comment_status":"open","ping_status":"open","template":"","meta":{"footnotes":""},"class_list":["post-49873","page","type-page","status-publish","hentry"],"yoast_head":"<!-- This site is optimized with the Yoast SEO plugin v26.6 - https:\/\/yoast.com\/wordpress\/plugins\/seo\/ -->\n<title>Pasterizaci\u00f3n vapor - FCD System<\/title>\n<meta name=\"description\" content=\"FCD decontamina por el kilo los productos contaminados.\" \/>\n<meta name=\"robots\" content=\"index, follow, max-snippet:-1, max-image-preview:large, max-video-preview:-1\" \/>\n<link rel=\"canonical\" href=\"https:\/\/www.fcd-system.com\/es\/servicios\/pasterizacion-vapor\/\" \/>\n<meta property=\"og:locale\" content=\"es_ES\" \/>\n<meta property=\"og:type\" content=\"article\" \/>\n<meta property=\"og:title\" content=\"Pasterizaci\u00f3n vapor - FCD System\" \/>\n<meta property=\"og:description\" content=\"FCD decontamina por el kilo los productos contaminados.\" \/>\n<meta property=\"og:url\" content=\"https:\/\/www.fcd-system.com\/es\/servicios\/pasterizacion-vapor\/\" \/>\n<meta property=\"og:site_name\" content=\"FCD System\" \/>\n<meta property=\"article:modified_time\" content=\"2024-08-01T07:26:03+00:00\" \/>\n<meta property=\"og:image\" content=\"https:\/\/www.fcd-system.com\/wp-content\/uploads\/2018\/06\/DEBACTERISATION-VAPEUR-1024x768.jpg\" \/>\n<meta name=\"twitter:card\" content=\"summary_large_image\" \/>\n<meta name=\"twitter:label1\" content=\"Tiempo de lectura\" \/>\n\t<meta name=\"twitter:data1\" content=\"1 minuto\" \/>\n<script type=\"application\/ld+json\" class=\"yoast-schema-graph\">{\"@context\":\"https:\/\/schema.org\",\"@graph\":[{\"@type\":\"WebPage\",\"@id\":\"https:\/\/www.fcd-system.com\/es\/servicios\/pasterizacion-vapor\/\",\"url\":\"https:\/\/www.fcd-system.com\/es\/servicios\/pasterizacion-vapor\/\",\"name\":\"Pasterizaci\u00f3n vapor - FCD System\",\"isPartOf\":{\"@id\":\"https:\/\/www.fcd-system.com\/#website\"},\"primaryImageOfPage\":{\"@id\":\"https:\/\/www.fcd-system.com\/es\/servicios\/pasterizacion-vapor\/#primaryimage\"},\"image\":{\"@id\":\"https:\/\/www.fcd-system.com\/es\/servicios\/pasterizacion-vapor\/#primaryimage\"},\"thumbnailUrl\":\"https:\/\/www.fcd-system.com\/wp-content\/uploads\/2018\/06\/DEBACTERISATION-VAPEUR-1024x768.jpg\",\"datePublished\":\"2023-06-12T14:40:39+00:00\",\"dateModified\":\"2024-08-01T07:26:03+00:00\",\"description\":\"FCD decontamina por el kilo los productos contaminados.\",\"breadcrumb\":{\"@id\":\"https:\/\/www.fcd-system.com\/es\/servicios\/pasterizacion-vapor\/#breadcrumb\"},\"inLanguage\":\"es\",\"potentialAction\":[{\"@type\":\"ReadAction\",\"target\":[\"https:\/\/www.fcd-system.com\/es\/servicios\/pasterizacion-vapor\/\"]}]},{\"@type\":\"ImageObject\",\"inLanguage\":\"es\",\"@id\":\"https:\/\/www.fcd-system.com\/es\/servicios\/pasterizacion-vapor\/#primaryimage\",\"url\":\"https:\/\/www.fcd-system.com\/wp-content\/uploads\/2018\/06\/DEBACTERISATION-VAPEUR-1024x768.jpg\",\"contentUrl\":\"https:\/\/www.fcd-system.com\/wp-content\/uploads\/2018\/06\/DEBACTERISATION-VAPEUR-1024x768.jpg\"},{\"@type\":\"BreadcrumbList\",\"@id\":\"https:\/\/www.fcd-system.com\/es\/servicios\/pasterizacion-vapor\/#breadcrumb\",\"itemListElement\":[{\"@type\":\"ListItem\",\"position\":1,\"name\":\"Accueil\",\"item\":\"https:\/\/www.fcd-system.com\/\"},{\"@type\":\"ListItem\",\"position\":2,\"name\":\"Servicios\",\"item\":\"https:\/\/www.fcd-system.com\/es\/servicios\/\"},{\"@type\":\"ListItem\",\"position\":3,\"name\":\"Pasterizaci\u00f3n vapor\"}]},{\"@type\":\"WebSite\",\"@id\":\"https:\/\/www.fcd-system.com\/#website\",\"url\":\"https:\/\/www.fcd-system.com\/\",\"name\":\"FCD System\",\"description\":\"Steam sterilisation and roasting\",\"publisher\":{\"@id\":\"https:\/\/www.fcd-system.com\/#organization\"},\"potentialAction\":[{\"@type\":\"SearchAction\",\"target\":{\"@type\":\"EntryPoint\",\"urlTemplate\":\"https:\/\/www.fcd-system.com\/?s={search_term_string}\"},\"query-input\":{\"@type\":\"PropertyValueSpecification\",\"valueRequired\":true,\"valueName\":\"search_term_string\"}}],\"inLanguage\":\"es\"},{\"@type\":\"Organization\",\"@id\":\"https:\/\/www.fcd-system.com\/#organization\",\"name\":\"FCD SYSTEM\",\"url\":\"https:\/\/www.fcd-system.com\/\",\"logo\":{\"@type\":\"ImageObject\",\"inLanguage\":\"es\",\"@id\":\"https:\/\/www.fcd-system.com\/#\/schema\/logo\/image\/\",\"url\":\"https:\/\/www.fcd-system.com\/wp-content\/uploads\/2020\/08\/Logo-Grand-FCD.jpg\",\"contentUrl\":\"https:\/\/www.fcd-system.com\/wp-content\/uploads\/2020\/08\/Logo-Grand-FCD.jpg\",\"width\":503,\"height\":521,\"caption\":\"FCD SYSTEM\"},\"image\":{\"@id\":\"https:\/\/www.fcd-system.com\/#\/schema\/logo\/image\/\"},\"sameAs\":[\"https:\/\/www.youtube.com\/channel\/UCXXvx5uOdIDdkYj-XW58o3g\"]}]}<\/script>\n<!-- \/ Yoast SEO plugin. -->","yoast_head_json":{"title":"Pasterizaci\u00f3n vapor - FCD System","description":"FCD decontamina por el kilo los productos contaminados.","robots":{"index":"index","follow":"follow","max-snippet":"max-snippet:-1","max-image-preview":"max-image-preview:large","max-video-preview":"max-video-preview:-1"},"canonical":"https:\/\/www.fcd-system.com\/es\/servicios\/pasterizacion-vapor\/","og_locale":"es_ES","og_type":"article","og_title":"Pasterizaci\u00f3n vapor - FCD System","og_description":"FCD decontamina por el kilo los productos contaminados.","og_url":"https:\/\/www.fcd-system.com\/es\/servicios\/pasterizacion-vapor\/","og_site_name":"FCD System","article_modified_time":"2024-08-01T07:26:03+00:00","og_image":[{"url":"https:\/\/www.fcd-system.com\/wp-content\/uploads\/2018\/06\/DEBACTERISATION-VAPEUR-1024x768.jpg","type":"","width":"","height":""}],"twitter_card":"summary_large_image","twitter_misc":{"Tiempo de lectura":"1 minuto"},"schema":{"@context":"https:\/\/schema.org","@graph":[{"@type":"WebPage","@id":"https:\/\/www.fcd-system.com\/es\/servicios\/pasterizacion-vapor\/","url":"https:\/\/www.fcd-system.com\/es\/servicios\/pasterizacion-vapor\/","name":"Pasterizaci\u00f3n vapor - FCD System","isPartOf":{"@id":"https:\/\/www.fcd-system.com\/#website"},"primaryImageOfPage":{"@id":"https:\/\/www.fcd-system.com\/es\/servicios\/pasterizacion-vapor\/#primaryimage"},"image":{"@id":"https:\/\/www.fcd-system.com\/es\/servicios\/pasterizacion-vapor\/#primaryimage"},"thumbnailUrl":"https:\/\/www.fcd-system.com\/wp-content\/uploads\/2018\/06\/DEBACTERISATION-VAPEUR-1024x768.jpg","datePublished":"2023-06-12T14:40:39+00:00","dateModified":"2024-08-01T07:26:03+00:00","description":"FCD decontamina por el kilo los productos contaminados.","breadcrumb":{"@id":"https:\/\/www.fcd-system.com\/es\/servicios\/pasterizacion-vapor\/#breadcrumb"},"inLanguage":"es","potentialAction":[{"@type":"ReadAction","target":["https:\/\/www.fcd-system.com\/es\/servicios\/pasterizacion-vapor\/"]}]},{"@type":"ImageObject","inLanguage":"es","@id":"https:\/\/www.fcd-system.com\/es\/servicios\/pasterizacion-vapor\/#primaryimage","url":"https:\/\/www.fcd-system.com\/wp-content\/uploads\/2018\/06\/DEBACTERISATION-VAPEUR-1024x768.jpg","contentUrl":"https:\/\/www.fcd-system.com\/wp-content\/uploads\/2018\/06\/DEBACTERISATION-VAPEUR-1024x768.jpg"},{"@type":"BreadcrumbList","@id":"https:\/\/www.fcd-system.com\/es\/servicios\/pasterizacion-vapor\/#breadcrumb","itemListElement":[{"@type":"ListItem","position":1,"name":"Accueil","item":"https:\/\/www.fcd-system.com\/"},{"@type":"ListItem","position":2,"name":"Servicios","item":"https:\/\/www.fcd-system.com\/es\/servicios\/"},{"@type":"ListItem","position":3,"name":"Pasterizaci\u00f3n vapor"}]},{"@type":"WebSite","@id":"https:\/\/www.fcd-system.com\/#website","url":"https:\/\/www.fcd-system.com\/","name":"FCD System","description":"Steam sterilisation and roasting","publisher":{"@id":"https:\/\/www.fcd-system.com\/#organization"},"potentialAction":[{"@type":"SearchAction","target":{"@type":"EntryPoint","urlTemplate":"https:\/\/www.fcd-system.com\/?s={search_term_string}"},"query-input":{"@type":"PropertyValueSpecification","valueRequired":true,"valueName":"search_term_string"}}],"inLanguage":"es"},{"@type":"Organization","@id":"https:\/\/www.fcd-system.com\/#organization","name":"FCD SYSTEM","url":"https:\/\/www.fcd-system.com\/","logo":{"@type":"ImageObject","inLanguage":"es","@id":"https:\/\/www.fcd-system.com\/#\/schema\/logo\/image\/","url":"https:\/\/www.fcd-system.com\/wp-content\/uploads\/2020\/08\/Logo-Grand-FCD.jpg","contentUrl":"https:\/\/www.fcd-system.com\/wp-content\/uploads\/2020\/08\/Logo-Grand-FCD.jpg","width":503,"height":521,"caption":"FCD SYSTEM"},"image":{"@id":"https:\/\/www.fcd-system.com\/#\/schema\/logo\/image\/"},"sameAs":["https:\/\/www.youtube.com\/channel\/UCXXvx5uOdIDdkYj-XW58o3g"]}]}},"_links":{"self":[{"href":"https:\/\/www.fcd-system.com\/es\/wp-json\/wp\/v2\/pages\/49873","targetHints":{"allow":["GET"]}}],"collection":[{"href":"https:\/\/www.fcd-system.com\/es\/wp-json\/wp\/v2\/pages"}],"about":[{"href":"https:\/\/www.fcd-system.com\/es\/wp-json\/wp\/v2\/types\/page"}],"author":[{"embeddable":true,"href":"https:\/\/www.fcd-system.com\/es\/wp-json\/wp\/v2\/users\/3"}],"replies":[{"embeddable":true,"href":"https:\/\/www.fcd-system.com\/es\/wp-json\/wp\/v2\/comments?post=49873"}],"version-history":[{"count":4,"href":"https:\/\/www.fcd-system.com\/es\/wp-json\/wp\/v2\/pages\/49873\/revisions"}],"predecessor-version":[{"id":50161,"href":"https:\/\/www.fcd-system.com\/es\/wp-json\/wp\/v2\/pages\/49873\/revisions\/50161"}],"up":[{"embeddable":true,"href":"https:\/\/www.fcd-system.com\/es\/wp-json\/wp\/v2\/pages\/49745"}],"wp:attachment":[{"href":"https:\/\/www.fcd-system.com\/es\/wp-json\/wp\/v2\/media?parent=49873"}],"curies":[{"name":"wp","href":"https:\/\/api.w.org\/{rel}","templated":true}]}}