{"id":49881,"date":"2023-06-13T16:26:50","date_gmt":"2023-06-13T15:26:50","guid":{"rendered":"https:\/\/www.fcd-system.com\/servicios\/tostado-a-terceros\/"},"modified":"2024-07-25T15:46:57","modified_gmt":"2024-07-25T14:46:57","slug":"tostado-a-terceros","status":"publish","type":"page","link":"https:\/\/www.fcd-system.com\/es\/servicios\/tostado-a-terceros\/","title":{"rendered":"Tostado a terceros"},"content":{"rendered":"\n\n<figure class=\"wp-block-gallery-1 is-layout-flex wp-block-gallery-is-layout-flex\">\n<figure><a href=\"https:\/\/www.fcd-system.com\/wp-content\/uploads\/2021\/02\/peanut.jpg\"><img decoding=\"async\" data-id=\"2137\" src=\"https:\/\/www.fcd-system.com\/wp-content\/uploads\/2021\/02\/peanut.jpg\" alt=\"\"\/><\/a><figcaption>Cacahuete<\/figcaption><\/figure>\n\n\n<figure><a href=\"https:\/\/www.fcd-system.com\/wp-content\/uploads\/2021\/02\/joanna-kosinska-oPsaQVRaXKI-unsplash-scaled.jpg\"><img decoding=\"async\" data-id=\"2140\" src=\"https:\/\/www.fcd-system.com\/wp-content\/uploads\/2021\/02\/joanna-kosinska-oPsaQVRaXKI-unsplash-1024x684.jpg\" alt=\"\"\/><\/a><figcaption>Pistachos<\/figcaption><\/figure>\n\n\n<figure><a href=\"https:\/\/www.fcd-system.com\/wp-content\/uploads\/2019\/08\/Malt.jpg\"><img decoding=\"async\" data-id=\"1986\" src=\"https:\/\/www.fcd-system.com\/wp-content\/uploads\/2019\/08\/Malt.jpg\" alt=\"\"\/><\/a><figcaption>Malta tostada<\/figcaption><\/figure>\n<\/figure>\n\n<h2 class=\"wp-block-heading\">Cuales son los productos que pod\u00e9is tostar?<\/h2>\n\n\n<p>FCD puede tostar productos como<\/p>\n\n<ul class=\"wp-block-list\">\n<li>Avellanas<\/li>\n\n\n<li>Almendras<\/li>\n\n\n<li>Cacahuete (Mani)<\/li>\n\n\n<li>S\u00e9samo<\/li>\n\n\n<li>Anacardo<\/li>\n\n\n<li>Malta (Cebada)<\/li>\n<\/ul>\n\n<h2 class=\"wp-block-heading\">C\u00f3mo hac\u00e9is para tostar?<\/h2>\n\n\n<p>Utilizamos 2 sistemas de tostado internos. Uno es por batch de unos cientos kilos (el\u00e9ctrico) y el otro es continuo (Roastinstep) y todo el\u00e9ctrico. Ambos sistemas usan aire caliente cuya temperatura puede ser ajustada a cada producto para alcanzar el nivel de tostado deseado.<\/p>\n\n<p>Grano, frutos secos, cacao.<\/p>\n\n<p>Nuestra experiencia nos permite saber como gestionar los flujos de aire y material y la temperatura de tostado.<\/p>\n\n<p>Tenemos experiencia con m\u00e1s de 70 productos distintos.<\/p>\n\n\n\n<a class=\"is-layout-flex wp-block-buttons-is-layout-flex\" href=\"https:\/\/www.fcd-system.com\/es\/contacto\/\">Cont\u00e1ctenos<\/a>\n\n\n\n<h2 class=\"wp-block-heading\">Vuestro sistema permite secar?<\/h2>\n\n\n<p>S\u00ed, podemos calentar cada producto a una temperatura y durante un tiempos precisos.<\/p>\n\n<p><\/p>\n\n<p>As\u00ed podemos secar con nuestros sistemas vanilla, semillas de uva, grano, cereales, frutos secos y m\u00e1s.<\/p>\n\n<p>La humedad de salida podemos escoger precisamente.<\/p>\n\n\n<h2 class=\"wp-block-heading\">Propon\u00e9is tambi\u00e9n servisio de mezcla ?<\/h2>\n\n\n<p>Por supuesto, tenemos una mezcladora industrial inoxidable para proponer mezcla, a\u00f1adido de aceite y sal y otros aromas naturales.<\/p>\n\n<p>Somos presentes en la industria con estos servicios y aportamos soluciones t\u00e9cnicas a nuestros clientes.<\/p>\n\n\n<h2 class=\"wp-block-heading\">Qu\u00e9 pasa con los productos fr\u00e1giles?<\/h2>\n\n\n<p>Hemos desarrollado un nueve sistema para no destrozar los productos. Se llama Roastinstep, funciona unicamente con vibraci\u00f3n y aire.<\/p>\n\n<p><\/p>\n\n<p><a href=\"http:\/\/www.fcd-system.com\/roastinstep-torrefaction\/\">Roastinstep<\/a>. Le Roastinstep<\/p>\n\n<p><\/p>\n\n<p>El sistem ya est\u00e1 disponible a la venta o para el servicio a nuestros clientes.<\/p>\n\n<p><\/p>\n\n<p>Pueden realizar una prueba <\/p>\n\n\n<p>Tostado de s\u00e9samo, cacahuete, tostado de frutos secos, anacardo tostado, tostado de almendras, <\/p>\n","protected":false},"excerpt":{"rendered":"<p>Cuales son los productos que pod\u00e9is tostar? FCD puede tostar productos como C\u00f3mo hac\u00e9is para tostar? Utilizamos 2 sistemas de tostado internos. Uno es por batch de unos cientos kilos (el\u00e9ctrico) y el otro es continuo (Roastinstep) y todo el\u00e9ctrico. Ambos sistemas usan aire caliente cuya temperatura puede ser ajustada a cada producto para alcanzar &#8230;<\/p>\n","protected":false},"author":1,"featured_media":0,"parent":49745,"menu_order":2,"comment_status":"open","ping_status":"open","template":"","meta":{"footnotes":""},"class_list":["post-49881","page","type-page","status-publish","hentry"],"yoast_head":"<!-- This site is optimized with the Yoast SEO plugin v26.6 - https:\/\/yoast.com\/wordpress\/plugins\/seo\/ -->\n<title>Servicio de tostado y secado a pedido<\/title>\n<meta name=\"description\" content=\"FCD propone un servicio de tostado y secado de grano, frutos secos, semillas de todo tama\u00f1o y forma para los clientes industriales, importadores y mayoristas.\" \/>\n<meta name=\"robots\" content=\"index, follow, max-snippet:-1, max-image-preview:large, max-video-preview:-1\" \/>\n<link rel=\"canonical\" href=\"https:\/\/www.fcd-system.com\/es\/servicios\/tostado-a-terceros\/\" \/>\n<meta property=\"og:locale\" content=\"es_ES\" \/>\n<meta property=\"og:type\" content=\"article\" \/>\n<meta property=\"og:title\" content=\"Servicio de tostado y secado a pedido\" \/>\n<meta property=\"og:description\" content=\"FCD propone un servicio de tostado y secado de grano, frutos secos, semillas de todo tama\u00f1o y forma para los clientes industriales, importadores y mayoristas.\" \/>\n<meta property=\"og:url\" content=\"https:\/\/www.fcd-system.com\/es\/servicios\/tostado-a-terceros\/\" \/>\n<meta property=\"og:site_name\" content=\"FCD System\" \/>\n<meta property=\"article:modified_time\" content=\"2024-07-25T14:46:57+00:00\" \/>\n<meta property=\"og:image\" content=\"https:\/\/www.fcd-system.com\/wp-content\/uploads\/2021\/02\/peanut.jpg\" \/>\n<meta name=\"twitter:card\" content=\"summary_large_image\" \/>\n<meta name=\"twitter:label1\" content=\"Tiempo de lectura\" \/>\n\t<meta name=\"twitter:data1\" content=\"2 minutos\" \/>\n<script type=\"application\/ld+json\" class=\"yoast-schema-graph\">{\"@context\":\"https:\/\/schema.org\",\"@graph\":[{\"@type\":\"WebPage\",\"@id\":\"https:\/\/www.fcd-system.com\/es\/servicios\/tostado-a-terceros\/\",\"url\":\"https:\/\/www.fcd-system.com\/es\/servicios\/tostado-a-terceros\/\",\"name\":\"Servicio de tostado y secado a pedido\",\"isPartOf\":{\"@id\":\"https:\/\/www.fcd-system.com\/#website\"},\"primaryImageOfPage\":{\"@id\":\"https:\/\/www.fcd-system.com\/es\/servicios\/tostado-a-terceros\/#primaryimage\"},\"image\":{\"@id\":\"https:\/\/www.fcd-system.com\/es\/servicios\/tostado-a-terceros\/#primaryimage\"},\"thumbnailUrl\":\"https:\/\/www.fcd-system.com\/wp-content\/uploads\/2021\/02\/peanut.jpg\",\"datePublished\":\"2023-06-13T15:26:50+00:00\",\"dateModified\":\"2024-07-25T14:46:57+00:00\",\"description\":\"FCD propone un servicio de tostado y secado de grano, frutos secos, semillas de todo tama\u00f1o y forma para los clientes industriales, importadores y mayoristas.\",\"breadcrumb\":{\"@id\":\"https:\/\/www.fcd-system.com\/es\/servicios\/tostado-a-terceros\/#breadcrumb\"},\"inLanguage\":\"es\",\"potentialAction\":[{\"@type\":\"ReadAction\",\"target\":[\"https:\/\/www.fcd-system.com\/es\/servicios\/tostado-a-terceros\/\"]}]},{\"@type\":\"ImageObject\",\"inLanguage\":\"es\",\"@id\":\"https:\/\/www.fcd-system.com\/es\/servicios\/tostado-a-terceros\/#primaryimage\",\"url\":\"https:\/\/www.fcd-system.com\/wp-content\/uploads\/2021\/02\/peanut.jpg\",\"contentUrl\":\"https:\/\/www.fcd-system.com\/wp-content\/uploads\/2021\/02\/peanut.jpg\"},{\"@type\":\"BreadcrumbList\",\"@id\":\"https:\/\/www.fcd-system.com\/es\/servicios\/tostado-a-terceros\/#breadcrumb\",\"itemListElement\":[{\"@type\":\"ListItem\",\"position\":1,\"name\":\"Accueil\",\"item\":\"https:\/\/www.fcd-system.com\/\"},{\"@type\":\"ListItem\",\"position\":2,\"name\":\"Servicios\",\"item\":\"https:\/\/www.fcd-system.com\/es\/servicios\/\"},{\"@type\":\"ListItem\",\"position\":3,\"name\":\"Tostado a terceros\"}]},{\"@type\":\"WebSite\",\"@id\":\"https:\/\/www.fcd-system.com\/#website\",\"url\":\"https:\/\/www.fcd-system.com\/\",\"name\":\"FCD System\",\"description\":\"Steam sterilisation and roasting\",\"publisher\":{\"@id\":\"https:\/\/www.fcd-system.com\/#organization\"},\"potentialAction\":[{\"@type\":\"SearchAction\",\"target\":{\"@type\":\"EntryPoint\",\"urlTemplate\":\"https:\/\/www.fcd-system.com\/?s={search_term_string}\"},\"query-input\":{\"@type\":\"PropertyValueSpecification\",\"valueRequired\":true,\"valueName\":\"search_term_string\"}}],\"inLanguage\":\"es\"},{\"@type\":\"Organization\",\"@id\":\"https:\/\/www.fcd-system.com\/#organization\",\"name\":\"FCD SYSTEM\",\"url\":\"https:\/\/www.fcd-system.com\/\",\"logo\":{\"@type\":\"ImageObject\",\"inLanguage\":\"es\",\"@id\":\"https:\/\/www.fcd-system.com\/#\/schema\/logo\/image\/\",\"url\":\"https:\/\/www.fcd-system.com\/wp-content\/uploads\/2020\/08\/Logo-Grand-FCD.jpg\",\"contentUrl\":\"https:\/\/www.fcd-system.com\/wp-content\/uploads\/2020\/08\/Logo-Grand-FCD.jpg\",\"width\":503,\"height\":521,\"caption\":\"FCD SYSTEM\"},\"image\":{\"@id\":\"https:\/\/www.fcd-system.com\/#\/schema\/logo\/image\/\"},\"sameAs\":[\"https:\/\/www.youtube.com\/channel\/UCXXvx5uOdIDdkYj-XW58o3g\"]}]}<\/script>\n<!-- \/ Yoast SEO plugin. -->","yoast_head_json":{"title":"Servicio de tostado y secado a pedido","description":"FCD propone un servicio de tostado y secado de grano, frutos secos, semillas de todo tama\u00f1o y forma para los clientes industriales, importadores y mayoristas.","robots":{"index":"index","follow":"follow","max-snippet":"max-snippet:-1","max-image-preview":"max-image-preview:large","max-video-preview":"max-video-preview:-1"},"canonical":"https:\/\/www.fcd-system.com\/es\/servicios\/tostado-a-terceros\/","og_locale":"es_ES","og_type":"article","og_title":"Servicio de tostado y secado a pedido","og_description":"FCD propone un servicio de tostado y secado de grano, frutos secos, semillas de todo tama\u00f1o y forma para los clientes industriales, importadores y mayoristas.","og_url":"https:\/\/www.fcd-system.com\/es\/servicios\/tostado-a-terceros\/","og_site_name":"FCD System","article_modified_time":"2024-07-25T14:46:57+00:00","og_image":[{"url":"https:\/\/www.fcd-system.com\/wp-content\/uploads\/2021\/02\/peanut.jpg","type":"","width":"","height":""}],"twitter_card":"summary_large_image","twitter_misc":{"Tiempo de lectura":"2 minutos"},"schema":{"@context":"https:\/\/schema.org","@graph":[{"@type":"WebPage","@id":"https:\/\/www.fcd-system.com\/es\/servicios\/tostado-a-terceros\/","url":"https:\/\/www.fcd-system.com\/es\/servicios\/tostado-a-terceros\/","name":"Servicio de tostado y secado a pedido","isPartOf":{"@id":"https:\/\/www.fcd-system.com\/#website"},"primaryImageOfPage":{"@id":"https:\/\/www.fcd-system.com\/es\/servicios\/tostado-a-terceros\/#primaryimage"},"image":{"@id":"https:\/\/www.fcd-system.com\/es\/servicios\/tostado-a-terceros\/#primaryimage"},"thumbnailUrl":"https:\/\/www.fcd-system.com\/wp-content\/uploads\/2021\/02\/peanut.jpg","datePublished":"2023-06-13T15:26:50+00:00","dateModified":"2024-07-25T14:46:57+00:00","description":"FCD propone un servicio de tostado y secado de grano, frutos secos, semillas de todo tama\u00f1o y forma para los clientes industriales, importadores y mayoristas.","breadcrumb":{"@id":"https:\/\/www.fcd-system.com\/es\/servicios\/tostado-a-terceros\/#breadcrumb"},"inLanguage":"es","potentialAction":[{"@type":"ReadAction","target":["https:\/\/www.fcd-system.com\/es\/servicios\/tostado-a-terceros\/"]}]},{"@type":"ImageObject","inLanguage":"es","@id":"https:\/\/www.fcd-system.com\/es\/servicios\/tostado-a-terceros\/#primaryimage","url":"https:\/\/www.fcd-system.com\/wp-content\/uploads\/2021\/02\/peanut.jpg","contentUrl":"https:\/\/www.fcd-system.com\/wp-content\/uploads\/2021\/02\/peanut.jpg"},{"@type":"BreadcrumbList","@id":"https:\/\/www.fcd-system.com\/es\/servicios\/tostado-a-terceros\/#breadcrumb","itemListElement":[{"@type":"ListItem","position":1,"name":"Accueil","item":"https:\/\/www.fcd-system.com\/"},{"@type":"ListItem","position":2,"name":"Servicios","item":"https:\/\/www.fcd-system.com\/es\/servicios\/"},{"@type":"ListItem","position":3,"name":"Tostado a terceros"}]},{"@type":"WebSite","@id":"https:\/\/www.fcd-system.com\/#website","url":"https:\/\/www.fcd-system.com\/","name":"FCD System","description":"Steam sterilisation and roasting","publisher":{"@id":"https:\/\/www.fcd-system.com\/#organization"},"potentialAction":[{"@type":"SearchAction","target":{"@type":"EntryPoint","urlTemplate":"https:\/\/www.fcd-system.com\/?s={search_term_string}"},"query-input":{"@type":"PropertyValueSpecification","valueRequired":true,"valueName":"search_term_string"}}],"inLanguage":"es"},{"@type":"Organization","@id":"https:\/\/www.fcd-system.com\/#organization","name":"FCD SYSTEM","url":"https:\/\/www.fcd-system.com\/","logo":{"@type":"ImageObject","inLanguage":"es","@id":"https:\/\/www.fcd-system.com\/#\/schema\/logo\/image\/","url":"https:\/\/www.fcd-system.com\/wp-content\/uploads\/2020\/08\/Logo-Grand-FCD.jpg","contentUrl":"https:\/\/www.fcd-system.com\/wp-content\/uploads\/2020\/08\/Logo-Grand-FCD.jpg","width":503,"height":521,"caption":"FCD SYSTEM"},"image":{"@id":"https:\/\/www.fcd-system.com\/#\/schema\/logo\/image\/"},"sameAs":["https:\/\/www.youtube.com\/channel\/UCXXvx5uOdIDdkYj-XW58o3g"]}]}},"_links":{"self":[{"href":"https:\/\/www.fcd-system.com\/es\/wp-json\/wp\/v2\/pages\/49881","targetHints":{"allow":["GET"]}}],"collection":[{"href":"https:\/\/www.fcd-system.com\/es\/wp-json\/wp\/v2\/pages"}],"about":[{"href":"https:\/\/www.fcd-system.com\/es\/wp-json\/wp\/v2\/types\/page"}],"author":[{"embeddable":true,"href":"https:\/\/www.fcd-system.com\/es\/wp-json\/wp\/v2\/users\/1"}],"replies":[{"embeddable":true,"href":"https:\/\/www.fcd-system.com\/es\/wp-json\/wp\/v2\/comments?post=49881"}],"version-history":[{"count":4,"href":"https:\/\/www.fcd-system.com\/es\/wp-json\/wp\/v2\/pages\/49881\/revisions"}],"predecessor-version":[{"id":50083,"href":"https:\/\/www.fcd-system.com\/es\/wp-json\/wp\/v2\/pages\/49881\/revisions\/50083"}],"up":[{"embeddable":true,"href":"https:\/\/www.fcd-system.com\/es\/wp-json\/wp\/v2\/pages\/49745"}],"wp:attachment":[{"href":"https:\/\/www.fcd-system.com\/es\/wp-json\/wp\/v2\/media?parent=49881"}],"curies":[{"name":"wp","href":"https:\/\/api.w.org\/{rel}","templated":true}]}}