{"id":50057,"date":"2024-07-23T15:09:18","date_gmt":"2024-07-23T14:09:18","guid":{"rendered":"https:\/\/www.fcd-system.com\/molienda-y-tamizado\/"},"modified":"2024-08-01T08:51:23","modified_gmt":"2024-08-01T07:51:23","slug":"molienda-y-tamizado","status":"publish","type":"page","link":"https:\/\/www.fcd-system.com\/es\/molienda-y-tamizado\/","title":{"rendered":"Molienda y tamizado"},"content":{"rendered":"\t\t<div data-elementor-type=\"wp-page\" data-elementor-id=\"50057\" class=\"elementor elementor-50057 elementor-722\">\n\t\t\t\t\t\t<section class=\"elementor-section elementor-top-section elementor-element elementor-element-e79a6e3 elementor-section-boxed elementor-section-height-default elementor-section-height-default\" data-id=\"e79a6e3\" data-element_type=\"section\">\n\t\t\t\t\t\t<div class=\"elementor-container elementor-column-gap-default\">\n\t\t\t\t\t<div class=\"elementor-column elementor-col-100 elementor-top-column elementor-element elementor-element-c265604\" data-id=\"c265604\" data-element_type=\"column\">\n\t\t\t<div class=\"elementor-widget-wrap elementor-element-populated\">\n\t\t\t\t\t\t<div class=\"elementor-element elementor-element-a766fb1 elementor-widget elementor-widget-text-editor\" data-id=\"a766fb1\" data-element_type=\"widget\" data-widget_type=\"text-editor.default\">\n\t\t\t\t<div class=\"elementor-widget-container\">\n\t\t\t\t\t\t\t\t\t&#8211; sin l\u00edmite de tama\u00f1o de particulas en entrada\r\n\r\n&#8211; Trituraci\u00f3n fina (500\u00b5m), media 1-5mm o m\u00e1s gruesa 10mm +\r\n\r\n&#8211; No tenemos m\u00ednimo de cantidad por ord\u00e9n\r\n\r\n&#8211; PLazo de entrega &lt; 72 horas trabajadas\r\n\r\n&#8211; Ofrecemos tambi\u00e9n esterilizaci\u00f3n vapor y envasado\r\n\r\n&nbsp;\t\t\t\t\t\t\t\t<\/div>\n\t\t\t\t<\/div>\n\t\t\t\t\t<\/div>\n\t\t<\/div>\n\t\t\t\t\t<\/div>\n\t\t<\/section>\n\t\t\t\t<section class=\"elementor-section elementor-top-section elementor-element elementor-element-0aed24e elementor-section-boxed elementor-section-height-default elementor-section-height-default\" data-id=\"0aed24e\" data-element_type=\"section\">\n\t\t\t\t\t\t<div class=\"elementor-container elementor-column-gap-default\">\n\t\t\t\t\t<div class=\"elementor-column elementor-col-100 elementor-top-column elementor-element elementor-element-b2c9345\" data-id=\"b2c9345\" data-element_type=\"column\">\n\t\t\t<div class=\"elementor-widget-wrap elementor-element-populated\">\n\t\t\t\t\t\t<div class=\"elementor-element elementor-element-7113fb2 elementor-widget elementor-widget-text-editor\" data-id=\"7113fb2\" data-element_type=\"widget\" data-widget_type=\"text-editor.default\">\n\t\t\t\t<div class=\"elementor-widget-container\">\n\t\t\t\t\t\t\t\t\t<ul>\n<li>Algas marinas<\/li>\n<li>Especias<\/li>\n<li>Plantas<\/li>\n<li>Ra\u00edces<\/li>\n<\/ul>\n\t\t\t\t\t\t\t\t<\/div>\n\t\t\t\t<\/div>\n\t\t\t\t\t<\/div>\n\t\t<\/div>\n\t\t\t\t\t<\/div>\n\t\t<\/section>\n\t\t\t\t<section class=\"elementor-section elementor-top-section elementor-element elementor-element-f36301a elementor-section-boxed elementor-section-height-default elementor-section-height-default\" data-id=\"f36301a\" data-element_type=\"section\">\n\t\t\t\t\t\t<div class=\"elementor-container elementor-column-gap-default\">\n\t\t\t\t\t<div class=\"elementor-column elementor-col-100 elementor-top-column elementor-element elementor-element-824c6eb\" data-id=\"824c6eb\" data-element_type=\"column\">\n\t\t\t<div class=\"elementor-widget-wrap elementor-element-populated\">\n\t\t\t\t\t\t<div class=\"elementor-element elementor-element-5ed6515 elementor-arrows-position-inside elementor-pagination-position-outside elementor-widget elementor-widget-image-carousel\" data-id=\"5ed6515\" data-element_type=\"widget\" data-settings=\"{&quot;navigation&quot;:&quot;both&quot;,&quot;autoplay&quot;:&quot;yes&quot;,&quot;pause_on_hover&quot;:&quot;yes&quot;,&quot;pause_on_interaction&quot;:&quot;yes&quot;,&quot;autoplay_speed&quot;:5000,&quot;infinite&quot;:&quot;yes&quot;,&quot;speed&quot;:500}\" data-widget_type=\"image-carousel.default\">\n\t\t\t\t<div class=\"elementor-widget-container\">\n\t\t\t\t\t\t\t<div class=\"elementor-image-carousel-wrapper swiper\" role=\"region\" aria-roledescription=\"carousel\" aria-label=\"Carrusel de im\u00e1genes\" dir=\"ltr\">\n\t\t\t<div class=\"elementor-image-carousel swiper-wrapper\" aria-live=\"off\">\n\t\t\t\t\t\t\t\t<div class=\"swiper-slide\" role=\"group\" aria-roledescription=\"slide\" aria-label=\"1 de 4\"><figure class=\"swiper-slide-inner\"><img decoding=\"async\" class=\"swiper-slide-image\" src=\"https:\/\/www.fcd-system.com\/wp-content\/uploads\/2021\/10\/copie-0_DSC_0856-1-150x150.jpg\" alt=\"copie-0_DSC_0856-1\" \/><\/figure><\/div><div class=\"swiper-slide\" role=\"group\" aria-roledescription=\"slide\" aria-label=\"2 de 4\"><figure class=\"swiper-slide-inner\"><img decoding=\"async\" class=\"swiper-slide-image\" src=\"https:\/\/www.fcd-system.com\/wp-content\/uploads\/2021\/10\/clou-de-girofle-150x150.jpg\" alt=\"clou-de-girofle\" \/><\/figure><\/div><div class=\"swiper-slide\" role=\"group\" aria-roledescription=\"slide\" aria-label=\"3 de 4\"><figure class=\"swiper-slide-inner\"><img decoding=\"async\" class=\"swiper-slide-image\" src=\"https:\/\/www.fcd-system.com\/wp-content\/uploads\/2021\/10\/Coriandre-grain-fin-grille-800\u00b5-150x150.jpg\" alt=\"Coriandre broy\u00e9e\" \/><\/figure><\/div><div class=\"swiper-slide\" role=\"group\" aria-roledescription=\"slide\" aria-label=\"4 de 4\"><figure class=\"swiper-slide-inner\"><img decoding=\"async\" class=\"swiper-slide-image\" src=\"https:\/\/www.fcd-system.com\/wp-content\/uploads\/2019\/04\/psyllium-150x150.jpg\" alt=\"psyllium\" \/><\/figure><\/div>\t\t\t<\/div>\n\t\t\t\t\t\t\t\t\t\t\t\t<div class=\"elementor-swiper-button elementor-swiper-button-prev\" role=\"button\" tabindex=\"0\">\n\t\t\t\t\t\t<i aria-hidden=\"true\" class=\"eicon-chevron-left\"><\/i>\t\t\t\t\t<\/div>\n\t\t\t\t\t<div class=\"elementor-swiper-button elementor-swiper-button-next\" role=\"button\" tabindex=\"0\">\n\t\t\t\t\t\t<i aria-hidden=\"true\" class=\"eicon-chevron-right\"><\/i>\t\t\t\t\t<\/div>\n\t\t\t\t\n\t\t\t\t\t\t\t\t\t<div class=\"swiper-pagination\"><\/div>\n\t\t\t\t\t\t\t\t\t<\/div>\n\t\t\t\t\t\t<\/div>\n\t\t\t\t<\/div>\n\t\t\t\t\t<\/div>\n\t\t<\/div>\n\t\t\t\t\t<\/div>\n\t\t<\/section>\n\t\t\t\t<section class=\"elementor-section elementor-top-section elementor-element elementor-element-665818f elementor-section-boxed elementor-section-height-default elementor-section-height-default\" data-id=\"665818f\" data-element_type=\"section\">\n\t\t\t\t\t\t<div class=\"elementor-container elementor-column-gap-default\">\n\t\t\t\t\t<div class=\"elementor-column elementor-col-100 elementor-top-column elementor-element elementor-element-aa75077\" data-id=\"aa75077\" data-element_type=\"column\">\n\t\t\t<div class=\"elementor-widget-wrap elementor-element-populated\">\n\t\t\t\t\t\t<div class=\"elementor-element elementor-element-a25a7fd elementor-widget elementor-widget-spacer\" data-id=\"a25a7fd\" data-element_type=\"widget\" data-widget_type=\"spacer.default\">\n\t\t\t\t<div class=\"elementor-widget-container\">\n\t\t\t\t\t\t\t<div class=\"elementor-spacer\">\n\t\t\t<div class=\"elementor-spacer-inner\"><\/div>\n\t\t<\/div>\n\t\t\t\t\t\t<\/div>\n\t\t\t\t<\/div>\n\t\t\t\t\t<\/div>\n\t\t<\/div>\n\t\t\t\t\t<\/div>\n\t\t<\/section>\n\t\t\t\t<section class=\"elementor-section elementor-top-section elementor-element elementor-element-5fc43ec elementor-section-boxed elementor-section-height-default elementor-section-height-default\" data-id=\"5fc43ec\" data-element_type=\"section\">\n\t\t\t\t\t\t<div class=\"elementor-container elementor-column-gap-default\">\n\t\t\t\t\t<div class=\"elementor-column elementor-col-100 elementor-top-column elementor-element elementor-element-27c683e\" data-id=\"27c683e\" data-element_type=\"column\">\n\t\t\t<div class=\"elementor-widget-wrap elementor-element-populated\">\n\t\t\t\t\t\t<div class=\"elementor-element elementor-element-f3f53bc elementor-align-center elementor-widget elementor-widget-button\" data-id=\"f3f53bc\" data-element_type=\"widget\" data-widget_type=\"button.default\">\n\t\t\t\t<div class=\"elementor-widget-container\">\n\t\t\t\t\t\t\t\t\t<div class=\"elementor-button-wrapper\">\n\t\t\t\t\t<a class=\"elementor-button elementor-button-link elementor-size-sm\" href=\"https:\/\/www.fcd-system.com\/es\/tarifas\/\">\n\t\t\t\t\t\t<span class=\"elementor-button-content-wrapper\">\n\t\t\t\t\t\t\t\t\t<span class=\"elementor-button-text\">Tarifas<\/span>\n\t\t\t\t\t<\/span>\n\t\t\t\t\t<\/a>\n\t\t\t\t<\/div>\n\t\t\t\t\t\t\t\t<\/div>\n\t\t\t\t<\/div>\n\t\t\t\t\t<\/div>\n\t\t<\/div>\n\t\t\t\t\t<\/div>\n\t\t<\/section>\n\t\t\t\t<\/div>\n\t\t","protected":false},"excerpt":{"rendered":"<p>&#8211; sin l\u00edmite de tama\u00f1o de particulas en entrada &#8211; Trituraci\u00f3n fina (500\u00b5m), media 1-5mm o m\u00e1s gruesa 10mm + &#8211; No tenemos m\u00ednimo de cantidad por ord\u00e9n &#8211; PLazo de entrega &lt; 72 horas trabajadas &#8211; Ofrecemos tambi\u00e9n esterilizaci\u00f3n vapor y envasado &nbsp; Algas marinas Especias Plantas Ra\u00edces Tarifas<\/p>\n","protected":false},"author":3,"featured_media":0,"parent":0,"menu_order":2,"comment_status":"open","ping_status":"open","template":"","meta":{"footnotes":""},"class_list":["post-50057","page","type-page","status-publish","hentry"],"yoast_head":"<!-- This site is optimized with the Yoast SEO plugin v26.6 - https:\/\/yoast.com\/wordpress\/plugins\/seo\/ -->\n<title>Molienda y tamizado - FCD System<\/title>\n<meta name=\"description\" content=\"Molienda o trituraci\u00f3n de plantas y especias. FCD tiene 3 l\u00edneas distintas adaptadas para cada producto: plantas, epecias, semillas, torta\" \/>\n<meta name=\"robots\" content=\"index, follow, max-snippet:-1, max-image-preview:large, max-video-preview:-1\" \/>\n<link rel=\"canonical\" href=\"https:\/\/www.fcd-system.com\/broyage-plantes-et-epices\/\" \/>\n<meta property=\"og:locale\" content=\"es_ES\" \/>\n<meta property=\"og:type\" content=\"article\" \/>\n<meta property=\"og:title\" content=\"Molienda y tamizado - FCD System\" \/>\n<meta property=\"og:description\" content=\"Molienda o trituraci\u00f3n de plantas y especias. FCD tiene 3 l\u00edneas distintas adaptadas para cada producto: plantas, epecias, semillas, torta\" \/>\n<meta property=\"og:url\" content=\"https:\/\/www.fcd-system.com\/broyage-plantes-et-epices\/\" \/>\n<meta property=\"og:site_name\" content=\"FCD System\" \/>\n<meta property=\"article:modified_time\" content=\"2024-08-01T07:51:23+00:00\" \/>\n<meta property=\"og:image\" content=\"https:\/\/www.fcd-system.com\/wp-content\/uploads\/2021\/10\/copie-0_DSC_0856-1-150x150.jpg\" \/>\n<meta name=\"twitter:card\" content=\"summary_large_image\" \/>\n<script type=\"application\/ld+json\" class=\"yoast-schema-graph\">{\"@context\":\"https:\/\/schema.org\",\"@graph\":[{\"@type\":\"WebPage\",\"@id\":\"https:\/\/www.fcd-system.com\/broyage-plantes-et-epices\/\",\"url\":\"https:\/\/www.fcd-system.com\/broyage-plantes-et-epices\/\",\"name\":\"Molienda y tamizado - FCD System\",\"isPartOf\":{\"@id\":\"https:\/\/www.fcd-system.com\/#website\"},\"primaryImageOfPage\":{\"@id\":\"https:\/\/www.fcd-system.com\/broyage-plantes-et-epices\/#primaryimage\"},\"image\":{\"@id\":\"https:\/\/www.fcd-system.com\/broyage-plantes-et-epices\/#primaryimage\"},\"thumbnailUrl\":\"https:\/\/www.fcd-system.com\/wp-content\/uploads\/2021\/10\/copie-0_DSC_0856-1-150x150.jpg\",\"datePublished\":\"2024-07-23T14:09:18+00:00\",\"dateModified\":\"2024-08-01T07:51:23+00:00\",\"description\":\"Molienda o trituraci\u00f3n de plantas y especias. FCD tiene 3 l\u00edneas distintas adaptadas para cada producto: plantas, epecias, semillas, torta\",\"breadcrumb\":{\"@id\":\"https:\/\/www.fcd-system.com\/broyage-plantes-et-epices\/#breadcrumb\"},\"inLanguage\":\"es\",\"potentialAction\":[{\"@type\":\"ReadAction\",\"target\":[\"https:\/\/www.fcd-system.com\/broyage-plantes-et-epices\/\"]}]},{\"@type\":\"ImageObject\",\"inLanguage\":\"es\",\"@id\":\"https:\/\/www.fcd-system.com\/broyage-plantes-et-epices\/#primaryimage\",\"url\":\"https:\/\/www.fcd-system.com\/wp-content\/uploads\/2021\/10\/copie-0_DSC_0856-1-150x150.jpg\",\"contentUrl\":\"https:\/\/www.fcd-system.com\/wp-content\/uploads\/2021\/10\/copie-0_DSC_0856-1-150x150.jpg\"},{\"@type\":\"BreadcrumbList\",\"@id\":\"https:\/\/www.fcd-system.com\/broyage-plantes-et-epices\/#breadcrumb\",\"itemListElement\":[{\"@type\":\"ListItem\",\"position\":1,\"name\":\"Accueil\",\"item\":\"https:\/\/www.fcd-system.com\/\"},{\"@type\":\"ListItem\",\"position\":2,\"name\":\"Molienda y tamizado\"}]},{\"@type\":\"WebSite\",\"@id\":\"https:\/\/www.fcd-system.com\/#website\",\"url\":\"https:\/\/www.fcd-system.com\/\",\"name\":\"FCD System\",\"description\":\"Steam sterilisation and roasting\",\"publisher\":{\"@id\":\"https:\/\/www.fcd-system.com\/#organization\"},\"potentialAction\":[{\"@type\":\"SearchAction\",\"target\":{\"@type\":\"EntryPoint\",\"urlTemplate\":\"https:\/\/www.fcd-system.com\/?s={search_term_string}\"},\"query-input\":{\"@type\":\"PropertyValueSpecification\",\"valueRequired\":true,\"valueName\":\"search_term_string\"}}],\"inLanguage\":\"es\"},{\"@type\":\"Organization\",\"@id\":\"https:\/\/www.fcd-system.com\/#organization\",\"name\":\"FCD SYSTEM\",\"url\":\"https:\/\/www.fcd-system.com\/\",\"logo\":{\"@type\":\"ImageObject\",\"inLanguage\":\"es\",\"@id\":\"https:\/\/www.fcd-system.com\/#\/schema\/logo\/image\/\",\"url\":\"https:\/\/www.fcd-system.com\/wp-content\/uploads\/2020\/08\/Logo-Grand-FCD.jpg\",\"contentUrl\":\"https:\/\/www.fcd-system.com\/wp-content\/uploads\/2020\/08\/Logo-Grand-FCD.jpg\",\"width\":503,\"height\":521,\"caption\":\"FCD SYSTEM\"},\"image\":{\"@id\":\"https:\/\/www.fcd-system.com\/#\/schema\/logo\/image\/\"},\"sameAs\":[\"https:\/\/www.youtube.com\/channel\/UCXXvx5uOdIDdkYj-XW58o3g\"]}]}<\/script>\n<!-- \/ Yoast SEO plugin. -->","yoast_head_json":{"title":"Molienda y tamizado - FCD System","description":"Molienda o trituraci\u00f3n de plantas y especias. FCD tiene 3 l\u00edneas distintas adaptadas para cada producto: plantas, epecias, semillas, torta","robots":{"index":"index","follow":"follow","max-snippet":"max-snippet:-1","max-image-preview":"max-image-preview:large","max-video-preview":"max-video-preview:-1"},"canonical":"https:\/\/www.fcd-system.com\/broyage-plantes-et-epices\/","og_locale":"es_ES","og_type":"article","og_title":"Molienda y tamizado - FCD System","og_description":"Molienda o trituraci\u00f3n de plantas y especias. FCD tiene 3 l\u00edneas distintas adaptadas para cada producto: plantas, epecias, semillas, torta","og_url":"https:\/\/www.fcd-system.com\/broyage-plantes-et-epices\/","og_site_name":"FCD System","article_modified_time":"2024-08-01T07:51:23+00:00","og_image":[{"url":"https:\/\/www.fcd-system.com\/wp-content\/uploads\/2021\/10\/copie-0_DSC_0856-1-150x150.jpg","type":"","width":"","height":""}],"twitter_card":"summary_large_image","schema":{"@context":"https:\/\/schema.org","@graph":[{"@type":"WebPage","@id":"https:\/\/www.fcd-system.com\/broyage-plantes-et-epices\/","url":"https:\/\/www.fcd-system.com\/broyage-plantes-et-epices\/","name":"Molienda y tamizado - FCD System","isPartOf":{"@id":"https:\/\/www.fcd-system.com\/#website"},"primaryImageOfPage":{"@id":"https:\/\/www.fcd-system.com\/broyage-plantes-et-epices\/#primaryimage"},"image":{"@id":"https:\/\/www.fcd-system.com\/broyage-plantes-et-epices\/#primaryimage"},"thumbnailUrl":"https:\/\/www.fcd-system.com\/wp-content\/uploads\/2021\/10\/copie-0_DSC_0856-1-150x150.jpg","datePublished":"2024-07-23T14:09:18+00:00","dateModified":"2024-08-01T07:51:23+00:00","description":"Molienda o trituraci\u00f3n de plantas y especias. FCD tiene 3 l\u00edneas distintas adaptadas para cada producto: plantas, epecias, semillas, torta","breadcrumb":{"@id":"https:\/\/www.fcd-system.com\/broyage-plantes-et-epices\/#breadcrumb"},"inLanguage":"es","potentialAction":[{"@type":"ReadAction","target":["https:\/\/www.fcd-system.com\/broyage-plantes-et-epices\/"]}]},{"@type":"ImageObject","inLanguage":"es","@id":"https:\/\/www.fcd-system.com\/broyage-plantes-et-epices\/#primaryimage","url":"https:\/\/www.fcd-system.com\/wp-content\/uploads\/2021\/10\/copie-0_DSC_0856-1-150x150.jpg","contentUrl":"https:\/\/www.fcd-system.com\/wp-content\/uploads\/2021\/10\/copie-0_DSC_0856-1-150x150.jpg"},{"@type":"BreadcrumbList","@id":"https:\/\/www.fcd-system.com\/broyage-plantes-et-epices\/#breadcrumb","itemListElement":[{"@type":"ListItem","position":1,"name":"Accueil","item":"https:\/\/www.fcd-system.com\/"},{"@type":"ListItem","position":2,"name":"Molienda y tamizado"}]},{"@type":"WebSite","@id":"https:\/\/www.fcd-system.com\/#website","url":"https:\/\/www.fcd-system.com\/","name":"FCD System","description":"Steam sterilisation and roasting","publisher":{"@id":"https:\/\/www.fcd-system.com\/#organization"},"potentialAction":[{"@type":"SearchAction","target":{"@type":"EntryPoint","urlTemplate":"https:\/\/www.fcd-system.com\/?s={search_term_string}"},"query-input":{"@type":"PropertyValueSpecification","valueRequired":true,"valueName":"search_term_string"}}],"inLanguage":"es"},{"@type":"Organization","@id":"https:\/\/www.fcd-system.com\/#organization","name":"FCD SYSTEM","url":"https:\/\/www.fcd-system.com\/","logo":{"@type":"ImageObject","inLanguage":"es","@id":"https:\/\/www.fcd-system.com\/#\/schema\/logo\/image\/","url":"https:\/\/www.fcd-system.com\/wp-content\/uploads\/2020\/08\/Logo-Grand-FCD.jpg","contentUrl":"https:\/\/www.fcd-system.com\/wp-content\/uploads\/2020\/08\/Logo-Grand-FCD.jpg","width":503,"height":521,"caption":"FCD SYSTEM"},"image":{"@id":"https:\/\/www.fcd-system.com\/#\/schema\/logo\/image\/"},"sameAs":["https:\/\/www.youtube.com\/channel\/UCXXvx5uOdIDdkYj-XW58o3g"]}]}},"_links":{"self":[{"href":"https:\/\/www.fcd-system.com\/es\/wp-json\/wp\/v2\/pages\/50057","targetHints":{"allow":["GET"]}}],"collection":[{"href":"https:\/\/www.fcd-system.com\/es\/wp-json\/wp\/v2\/pages"}],"about":[{"href":"https:\/\/www.fcd-system.com\/es\/wp-json\/wp\/v2\/types\/page"}],"author":[{"embeddable":true,"href":"https:\/\/www.fcd-system.com\/es\/wp-json\/wp\/v2\/users\/3"}],"replies":[{"embeddable":true,"href":"https:\/\/www.fcd-system.com\/es\/wp-json\/wp\/v2\/comments?post=50057"}],"version-history":[{"count":2,"href":"https:\/\/www.fcd-system.com\/es\/wp-json\/wp\/v2\/pages\/50057\/revisions"}],"predecessor-version":[{"id":50180,"href":"https:\/\/www.fcd-system.com\/es\/wp-json\/wp\/v2\/pages\/50057\/revisions\/50180"}],"wp:attachment":[{"href":"https:\/\/www.fcd-system.com\/es\/wp-json\/wp\/v2\/media?parent=50057"}],"curies":[{"name":"wp","href":"https:\/\/api.w.org\/{rel}","templated":true}]}}